{"id":2276,"date":"2020-02-11T02:44:34","date_gmt":"2020-02-11T02:44:34","guid":{"rendered":"http:\/\/sidler.swiss.128-127-71-240.x-mind.kundencloudserver.de\/?page_id=2276"},"modified":"2022-12-23T12:44:57","modified_gmt":"2022-12-23T12:44:57","slug":"imprint","status":"publish","type":"page","link":"https:\/\/stage.sidler-metallwaren.ch\/it\/imprint\/","title":{"rendered":"Imprint"},"content":{"rendered":"<h3>IMPRINT<br \/>SIDLER Metallwaren AG<\/h3>\n<p><strong>Indirizzo di contatto<\/strong><br \/>SIDLER Metallwaren AG<br \/>Hofstrasse 42, CH-8590 Romanshorn<br \/>Telefono +41 (0)71 466 90 10<br \/>E-mail: info@sidler.swiss<\/p>\n<p><strong>Rappresentante(i) autorizzato(i)<\/strong><br \/>Amministratore delegato: Peter Sidler<br \/>Presidente del consiglio di amministrazione: Martin Keller<\/p>\n<p><strong>Iscrizione al registro di commercio<\/strong><br \/>Ragione sociale registrata: SIDLER Metallwaren AG<br \/>N. registro di commercio: CH-44030052862<\/p>\n<p><strong>Numero d&#8217;imposta sul valore aggiunto<\/strong><br \/>CHE-101.206.220 IVA<\/p>\n<p><strong>Disclaimer<\/strong><br \/>L&#8217;autore non si assume alcuna responsabilit\u00e0 per la correttezza, l&#8217;accuratezza, l&#8217;attualit\u00e0, l&#8217;affidabilit\u00e0 e la completezza delle informazioni.<br \/>Sono escluse rivendicazioni di responsabilit\u00e0 nei confronti dell&#8217;autore per danni materiali o immateriali derivanti dall&#8217;accesso o dall&#8217;uso o dal mancato uso delle informazioni pubblicate, dall&#8217;uso improprio del collegamento o da difetti tecnici.<br \/>Tutte le offerte non sono vincolanti. L&#8217;autore si riserva espressamente il diritto di modificare, integrare o cancellare parti delle pagine o l&#8217;intera offerta senza preavviso o di interrompere temporaneamente o definitivamente la pubblicazione.<\/p>\n<p><strong>Esclusione di responsabilit\u00e0 per i link<\/strong><br \/>I riferimenti e i link a siti web di terzi sono al di fuori della nostra area di responsabilit\u00e0. Decliniamo ogni responsabilit\u00e0 per tali siti web. L&#8217;accesso e l&#8217;utilizzo di tali siti web \u00e8 a rischio e pericolo dell&#8217;utente.<\/p>\n<p><strong>Diritti d&#8217;autore<\/strong><br \/>I diritti d&#8217;autore e tutti gli altri diritti sui contenuti, le immagini, le foto o altri file di questo sito web appartengono esclusivamente a SIDLER Metallwaren AG o ai titolari dei diritti appositamente nominati. Per la riproduzione di qualsiasi elemento, il consenso scritto del titolare del diritto d&#8217;autore deve essere ottenuto in anticipo.<\/p>\n<p>Fonte: <a href=\"https:\/\/www.swissanwalt.ch\/\">SwissAnwalt<\/a><\/p>\n<p>    <a onclick=\"showNewsletterDiv()\" ><img decoding=\"async\" src=\"\/wp-content\/uploads\/2020\/03\/newsletter.png\"\/><\/a><br \/>\n\t\t&times;<br \/>\n\t\t\t\n<div class=\"wpcf7 no-js\" id=\"wpcf7-f3098-o1\" lang=\"en-US\" dir=\"ltr\" data-wpcf7-id=\"3098\">\n<div class=\"screen-reader-response\"><p role=\"status\" aria-live=\"polite\" aria-atomic=\"true\"><\/p> <ul><\/ul><\/div>\n<form action=\"\/it\/wp-json\/wp\/v2\/pages\/2276#wpcf7-f3098-o1\" method=\"post\" class=\"wpcf7-form init popup-newsletter-form\" aria-label=\"Contact form\" novalidate=\"novalidate\" data-status=\"init\">\n<div style=\"display: none;\">\n<input type=\"hidden\" name=\"_wpcf7\" value=\"3098\" \/>\n<input type=\"hidden\" name=\"_wpcf7_version\" value=\"6.0.5\" \/>\n<input type=\"hidden\" name=\"_wpcf7_locale\" value=\"en_US\" \/>\n<input type=\"hidden\" name=\"_wpcf7_unit_tag\" value=\"wpcf7-f3098-o1\" \/>\n<input type=\"hidden\" name=\"_wpcf7_container_post\" value=\"0\" \/>\n<input type=\"hidden\" name=\"_wpcf7_posted_data_hash\" value=\"\" \/>\n<input type=\"hidden\" name=\"_wpcf7cf_hidden_group_fields\" value=\"[]\" \/>\n<input type=\"hidden\" name=\"_wpcf7cf_hidden_groups\" value=\"[]\" \/>\n<input type=\"hidden\" name=\"_wpcf7cf_visible_groups\" value=\"[]\" \/>\n<input type=\"hidden\" name=\"_wpcf7cf_repeaters\" value=\"[]\" \/>\n<input type=\"hidden\" name=\"_wpcf7cf_steps\" value=\"{}\" \/>\n<input type=\"hidden\" name=\"_wpcf7cf_options\" value=\"{&quot;form_id&quot;:3098,&quot;conditions&quot;:[],&quot;settings&quot;:{&quot;animation&quot;:&quot;yes&quot;,&quot;animation_intime&quot;:200,&quot;animation_outtime&quot;:200,&quot;conditions_ui&quot;:&quot;normal&quot;,&quot;notice_dismissed&quot;:false,&quot;notice_dismissed_rollback-cf7-5.8.3&quot;:true}}\" \/>\n<input type=\"hidden\" name=\"_wpcf7_recaptcha_response\" value=\"\" \/>\n<\/div>\n<div class=\"popup-newsletter-name\">\n\t<p><span>Nome*:<span><br \/>\n<span class=\"wpcf7-form-control-wrap\" data-name=\"client-name\"><input size=\"40\" maxlength=\"400\" class=\"wpcf7-form-control wpcf7-text wpcf7-validates-as-required\" aria-required=\"true\" aria-invalid=\"false\" value=\"\" type=\"text\" name=\"client-name\" \/><\/span><br \/>\n<\/span><\/span>\n\t<\/p>\n<\/div>\n<div class=\"popup-newsletter-email\">\n\t<p><span>Email*:<span><br \/>\n<span class=\"wpcf7-form-control-wrap\" data-name=\"client-email\"><input size=\"40\" maxlength=\"400\" class=\"wpcf7-form-control wpcf7-email wpcf7-validates-as-required wpcf7-text wpcf7-validates-as-email\" aria-required=\"true\" aria-invalid=\"false\" value=\"\" type=\"email\" name=\"client-email\" \/><\/span><br \/>\n<\/span><\/span>\n\t<\/p>\n<\/div>\n<div class=\"popup-newsletter-phone\">\n\t<p><span>Telefono*:<span><br \/>\n<span class=\"wpcf7-form-control-wrap\" data-name=\"client-telephone\"><input size=\"40\" maxlength=\"400\" class=\"wpcf7-form-control wpcf7-tel wpcf7-validates-as-required wpcf7-text wpcf7-validates-as-tel\" aria-required=\"true\" aria-invalid=\"false\" value=\"\" type=\"tel\" name=\"client-telephone\" \/><\/span><br \/>\n<\/span><\/span>\n\t<\/p>\n<\/div>\n<p><span class=\"wpcf7-form-control-wrap\" data-name=\"datenschutz\"><span class=\"wpcf7-form-control wpcf7-acceptance\"><span class=\"wpcf7-list-item\"><label><input type=\"checkbox\" name=\"datenschutz\" value=\"1\" aria-invalid=\"false\" \/><span class=\"wpcf7-list-item-label\">Registrandosi alla newsletter si acconsente alla memorizzazione dei propri dati da parte di Sidler Metallwaren AG a questo scopo. I dati non saranno trasmessi ad altri. Un successivo ritiro del consenso \u00e8 possibile in qualsiasi momento. Troverete ulteriori informazioni e note alla voce \u2013 <a href=\"\/it\/politica-sulla-riservatezza\/\">Protezione dei dati<\/a><\/span><\/label><\/span><\/span><\/span><br \/>\n<input class=\"wpcf7-form-control wpcf7-submit has-spinner\" type=\"submit\" value=\"Send\" \/>\n<\/p><input type='hidden' class='wpcf7-pum' value='{\"closepopup\":false,\"closedelay\":0,\"openpopup\":false,\"openpopup_id\":0}' \/><div class=\"wpcf7-response-output\" aria-hidden=\"true\"><\/div>\n<\/form>\n<\/div>\n\n","protected":false},"excerpt":{"rendered":"<p>IMPRINTSIDLER Metallwaren AG Indirizzo di contattoSIDLER Metallwaren AGHofstrasse 42, CH-8590 RomanshornTelefono +41 (0)71 466 90 10E-mail: info@sidler.swiss Rappresentante(i) autorizzato(i)Amministratore delegato: Peter SidlerPresidente del consiglio di amministrazione: Martin Keller Iscrizione al registro di commercioRagione sociale registrata: SIDLER Metallwaren AGN. registro di commercio: CH-44030052862 Numero d&#8217;imposta sul valore aggiuntoCHE-101.206.220 IVA DisclaimerL&#8217;autore non si assume alcuna responsabilit\u00e0 per [&hellip;]<\/p>\n","protected":false},"author":9,"featured_media":0,"parent":0,"menu_order":0,"comment_status":"closed","ping_status":"closed","template":"elementor_header_footer","meta":{"footnotes":""},"class_list":["post-2276","page","type-page","status-publish","hentry","entry"],"_links":{"self":[{"href":"https:\/\/stage.sidler-metallwaren.ch\/it\/wp-json\/wp\/v2\/pages\/2276","targetHints":{"allow":["GET"]}}],"collection":[{"href":"https:\/\/stage.sidler-metallwaren.ch\/it\/wp-json\/wp\/v2\/pages"}],"about":[{"href":"https:\/\/stage.sidler-metallwaren.ch\/it\/wp-json\/wp\/v2\/types\/page"}],"author":[{"embeddable":true,"href":"https:\/\/stage.sidler-metallwaren.ch\/it\/wp-json\/wp\/v2\/users\/9"}],"replies":[{"embeddable":true,"href":"https:\/\/stage.sidler-metallwaren.ch\/it\/wp-json\/wp\/v2\/comments?post=2276"}],"version-history":[{"count":0,"href":"https:\/\/stage.sidler-metallwaren.ch\/it\/wp-json\/wp\/v2\/pages\/2276\/revisions"}],"wp:attachment":[{"href":"https:\/\/stage.sidler-metallwaren.ch\/it\/wp-json\/wp\/v2\/media?parent=2276"}],"curies":[{"name":"wp","href":"https:\/\/api.w.org\/{rel}","templated":true}]}}