{"id":3154,"date":"2020-04-14T13:45:46","date_gmt":"2020-04-14T13:45:46","guid":{"rendered":"https:\/\/www.sidler.swiss\/?page_id=3154"},"modified":"2023-03-01T15:15:35","modified_gmt":"2023-03-01T15:15:35","slug":"telechargements","status":"publish","type":"page","link":"https:\/\/stage.sidler-metallwaren.ch\/fr\/telechargements\/","title":{"rendered":"T\u00c9L\u00c9CHARGEMENTS"},"content":{"rendered":"\t\t<div data-elementor-type=\"wp-page\" data-elementor-id=\"3154\" class=\"elementor elementor-3154\">\n\t\t\t\t\t\t<section class=\"has_eae_slider elementor-section elementor-top-section elementor-element elementor-element-5f905667 elementor-section-full_width elementor-section-height-default elementor-section-height-default\" data-id=\"5f905667\" data-element_type=\"section\" data-settings=\"{&quot;background_background&quot;:&quot;gradient&quot;}\">\n\t\t\t\t\t\t<div class=\"elementor-container elementor-column-gap-default\">\n\t\t\t\t\t<div class=\"has_eae_slider elementor-column elementor-col-100 elementor-top-column elementor-element elementor-element-c2bc2e6\" data-id=\"c2bc2e6\" data-element_type=\"column\">\n\t\t\t<div class=\"elementor-widget-wrap elementor-element-populated\">\n\t\t\t\t\t\t<div class=\"elementor-element elementor-element-bbb52d6 elementor-widget elementor-widget-heading\" data-id=\"bbb52d6\" data-element_type=\"widget\" data-widget_type=\"heading.default\">\n\t\t\t\t<div class=\"elementor-widget-container\">\n\t\t\t\t\t<h3 class=\"elementor-heading-title elementor-size-default\">T\u00c9L\u00c9CHARGEMENTS<\/h3>\t\t\t\t<\/div>\n\t\t\t\t<\/div>\n\t\t\t\t<section class=\"has_eae_slider elementor-section elementor-inner-section elementor-element elementor-element-6ccbc8a elementor-section-boxed elementor-section-height-default elementor-section-height-default\" data-id=\"6ccbc8a\" data-element_type=\"section\">\n\t\t\t\t\t\t<div class=\"elementor-container elementor-column-gap-default\">\n\t\t\t\t\t<div class=\"has_eae_slider elementor-column elementor-col-33 elementor-inner-column elementor-element elementor-element-69ecffb\" data-id=\"69ecffb\" data-element_type=\"column\">\n\t\t\t<div class=\"elementor-widget-wrap elementor-element-populated\">\n\t\t\t\t\t\t<div class=\"elementor-element elementor-element-54fcb44 elementor-widget elementor-widget-html\" data-id=\"54fcb44\" data-element_type=\"widget\" data-widget_type=\"html.default\">\n\t\t\t\t<div class=\"elementor-widget-container\">\n\t\t\t\t\t<div class=\"lichtkompetenz-title-container\">\n  <div class=\"lichtkompetenz-title\">BROCHURE<\/div>\n<\/div>\t\t\t\t<\/div>\n\t\t\t\t<\/div>\n\t\t\t\t<div class=\"elementor-element elementor-element-88f85d2 download-link-container elementor-widget elementor-widget-html\" data-id=\"88f85d2\" data-element_type=\"widget\" data-widget_type=\"html.default\">\n\t\t\t\t<div class=\"elementor-widget-container\">\n\t\t\t\t\t<a class=\"download-link\" href=\"\/wp-content\/uploads\/2023\/02\/Sidler_collection_2023.pdf\" title=\"Produkt Kollektion\"><i class=\"fas fa-file-pdf\"><\/i> Collection 2023<\/a>\t\t\t\t<\/div>\n\t\t\t\t<\/div>\n\t\t\t\t\t<\/div>\n\t\t<\/div>\n\t\t\t\t<div class=\"has_eae_slider elementor-column elementor-col-33 elementor-inner-column elementor-element elementor-element-75e30c3\" data-id=\"75e30c3\" data-element_type=\"column\">\n\t\t\t<div class=\"elementor-widget-wrap elementor-element-populated\">\n\t\t\t\t\t\t<div class=\"elementor-element elementor-element-d3929cf elementor-widget elementor-widget-html\" data-id=\"d3929cf\" data-element_type=\"widget\" data-widget_type=\"html.default\">\n\t\t\t\t<div class=\"elementor-widget-container\">\n\t\t\t\t\t<div class=\"lichtkompetenz-title-container\">\n  <div class=\"lichtkompetenz-title\">LISTE DES PRIX<\/div>\n<\/div>\t\t\t\t<\/div>\n\t\t\t\t<\/div>\n\t\t\t\t<div class=\"elementor-element elementor-element-87a13fb download-link-container elementor-widget elementor-widget-html\" data-id=\"87a13fb\" data-element_type=\"widget\" data-widget_type=\"html.default\">\n\t\t\t\t<div class=\"elementor-widget-container\">\n\t\t\t\t\t<a class=\"download-link\" href=\"\/wp-content\/uploads\/2023\/01\/SIDLER_Liste-de-prix_2023.pdf\"><i class=\"fas fa-file-pdf\"><\/i> Liste de prix totale 2023<\/a>\n<a class=\"download-link\" href=\"\/wp-content\/uploads\/2023\/01\/SIDLER_prix-courant-pieces-detachees_2023.pdf\" title=\"Gesamtpreisliste\"><i class=\"fas fa-file-pdf\"><\/i> Prix Courant Pi\u00e8ces D\u00e9tach\u00e9es 2023<\/a>\t\t\t\t<\/div>\n\t\t\t\t<\/div>\n\t\t\t\t\t<\/div>\n\t\t<\/div>\n\t\t\t\t<div class=\"has_eae_slider elementor-column elementor-col-33 elementor-inner-column elementor-element elementor-element-663ae9d technisches-datenblatt-circle\" data-id=\"663ae9d\" data-element_type=\"column\">\n\t\t\t<div class=\"elementor-widget-wrap elementor-element-populated\">\n\t\t\t\t\t\t<div class=\"elementor-element elementor-element-d263f8c elementor-widget elementor-widget-html\" data-id=\"d263f8c\" data-element_type=\"widget\" data-widget_type=\"html.default\">\n\t\t\t\t<div class=\"elementor-widget-container\">\n\t\t\t\t\t<div class=\"lichtkompetenz-title-container\">\n  <div class=\"lichtkompetenz-title\">FICHE TECHNIQUE<\/div>\n<\/div>\t\t\t\t<\/div>\n\t\t\t\t<\/div>\n\t\t\t\t<div class=\"elementor-element elementor-element-70701a1 elementor-widget elementor-widget-html\" data-id=\"70701a1\" data-element_type=\"widget\" data-widget_type=\"html.default\">\n\t\t\t\t<div class=\"elementor-widget-container\">\n\t\t\t\t\t\n\n<a class=\"download-link\" href=\"\/wp-content\/uploads\/2022\/03\/avona_novo_Massblaetter.pdf\" title=\"Avona technique\"><i class=\"fas fa-file-pdf\"><\/i> Avona Novo technique<\/a>\n<a class=\"download-link\" href=\"\/wp-content\/uploads\/2020\/10\/Cubango-Schalter_MB_Gesamt.pdf\" title=\"Cubango Schalter technique\"><i class=\"fas fa-file-pdf\"><\/i> Cubango Schalter technique<\/a>\n<a class=\"download-link\" href=\"\/wp-content\/uploads\/2020\/10\/Cubango-Sensor_MB_Gesamt.pdf\" title=\"Cubango Sensor technique\"><i class=\"fas fa-file-pdf\"><\/i> Cubango Sensor technique<\/a>\n\n<a class=\"download-link\" href=\"\/wp-content\/uploads\/2023\/02\/Massblatt_Econom-LED_1-60.pdf\" title=\"Cubango Sensor technique\"><i class=\"fas fa-file-pdf\"><\/i> Econom LED technique<\/a>\n\n<a class=\"download-link\" href=\"\/wp-content\/uploads\/2020\/04\/Enexa_AP_Massbla\u0308tter.pdf\" title=\"Enexa AP technique\"><i class=\"fas fa-file-pdf\"><\/i> Enexa AP technique<\/a>\n<a class=\"download-link\" href=\"\/wp-content\/uploads\/2020\/04\/Enexa_UP_Massbla\u0308tter.pdf\" title=\"Enexa UP technique\"><i class=\"fas fa-file-pdf\"><\/i> Enexa UP technique<\/a>\n<a class=\"download-link\" href=\"\/wp-content\/uploads\/2022\/03\/SIDLER-Focus-AP.pdf\" title=\"Focus AP technique\"><i class=\"fas fa-file-pdf\"><\/i> Focus AP technique<\/a>\n<a class=\"download-link\" href=\"\/wp-content\/uploads\/2022\/03\/SIDLER-Focus-UP.pdf\" title=\"Focus UP technique\"><i class=\"fas fa-file-pdf\"><\/i> Focus UP technique<\/a>\n\n<a class=\"download-link\" href=\"\/wp-content\/uploads\/2023\/03\/Massblaetter_Focus-Lichtspiegel.pdf\" title=\"Focus AP Datenblatt\"><i class=\"fas fa-file-pdf\"><\/i> Focus technique<\/a>\n\n\n\n<a class=\"download-link\" href=\"\/wp-content\/uploads\/2022\/03\/Gradient_AP_Massblaetter-1.pdf\" title=\"Gradient AP technique\"><i class=\"fas fa-file-pdf\"><\/i> Gradient AP technique<\/a>\n<a class=\"download-link\" href=\"\/wp-content\/uploads\/2022\/03\/Gradient_AP_TW_Massblaetter.pdf\" title=\"Gradient AP TW technique\"><i class=\"fas fa-file-pdf\"><\/i> Gradient AP TW technique<\/a>\n<a class=\"download-link\" href=\"\/wp-content\/uploads\/2022\/03\/Gradient_UP_Massblaetter-1.pdf\" title=\"Gradient UP technique\"><i class=\"fas fa-file-pdf\"><\/i> Gradient UP technique<\/a>\n<a class=\"download-link\" href=\"\/wp-content\/uploads\/2022\/03\/Gradient_UP_TW_Massblaetter.pdf\" title=\"Gradient UP TW technique\"><i class=\"fas fa-file-pdf\"><\/i> Gradient UP TW technique<\/a>\n\n<a class=\"download-link\" href=\"\/wp-content\/uploads\/2022\/09\/Massblatt_Lumara_Novo_AP.pdf\" title=\"Lumara Novo AP technique\"><i class=\"fas fa-file-pdf\"><\/i> Lumara Novo AP technique<\/a>\n<a class=\"download-link\" href=\"\/wp-content\/uploads\/2022\/09\/Massblatt_Lumara_Novo_AP_TW.pdf\" title=\"Lumara Novo AP TW technique\"><i class=\"fas fa-file-pdf\"><\/i> Lumara Novo AP TW technique<\/a>\n\n<a class=\"download-link\" href=\"\/wp-content\/uploads\/2020\/04\/Quadro_AP_Massbla\u0308tter.pdf\" title=\"Quadro technique\"><i class=\"fas fa-file-pdf\"><\/i> Quadro technique<\/a>\n<a class=\"download-link\" href=\"\/wp-content\/uploads\/2020\/04\/Sidelight_UP_Massblaetter.pdf\" title=\"Sidelight technique\"><i class=\"fas fa-file-pdf\"><\/i> Sidelight technique<\/a>\n<a class=\"download-link\" href=\"\/wp-content\/uploads\/2020\/04\/Xamo_AP_Massbla\u0308tter.pdf\" title=\"Xamo AP technique\"><i class=\"fas fa-file-pdf\"><\/i> Xamo AP technique<\/a>\n<a class=\"download-link\" href=\"\/wp-content\/uploads\/2020\/04\/Xamo_UP_Massbla\u0308tter.pdf\" title=\"Xamo UP technique\"><i class=\"fas fa-file-pdf\"><\/i> Xamo UP technique<\/a>\t\t\t\t<\/div>\n\t\t\t\t<\/div>\n\t\t\t\t\t<\/div>\n\t\t<\/div>\n\t\t\t\t\t<\/div>\n\t\t<\/section>\n\t\t\t\t\t<\/div>\n\t\t<\/div>\n\t\t\t\t\t<\/div>\n\t\t<\/section>\n\t\t\t\t<section class=\"has_eae_slider elementor-section elementor-top-section elementor-element elementor-element-4cfb18c3 elementor-section-boxed elementor-section-height-default elementor-section-height-default\" data-id=\"4cfb18c3\" data-element_type=\"section\" data-settings=\"{&quot;background_background&quot;:&quot;classic&quot;}\">\n\t\t\t\t\t\t<div class=\"elementor-container elementor-column-gap-default\">\n\t\t\t\t\t<div class=\"has_eae_slider elementor-column elementor-col-100 elementor-top-column elementor-element elementor-element-24c0a827\" data-id=\"24c0a827\" data-element_type=\"column\">\n\t\t\t<div class=\"elementor-widget-wrap elementor-element-populated\">\n\t\t\t\t\t\t<div class=\"elementor-element elementor-element-83102cb elementor-widget elementor-widget-heading\" data-id=\"83102cb\" data-element_type=\"widget\" data-widget_type=\"heading.default\">\n\t\t\t\t<div class=\"elementor-widget-container\">\n\t\t\t\t\t<h3 class=\"elementor-heading-title elementor-size-default\">NOUS SOMMES HEUREUX DE VOUS AIDER<\/h3>\t\t\t\t<\/div>\n\t\t\t\t<\/div>\n\t\t\t\t<div class=\"elementor-element elementor-element-3f54a871 elementor-widget elementor-widget-heading\" data-id=\"3f54a871\" data-element_type=\"widget\" data-widget_type=\"heading.default\">\n\t\t\t\t<div class=\"elementor-widget-container\">\n\t\t\t\t\t<span class=\"elementor-heading-title elementor-size-default\">\u00c9crivez-nous ou appelez-nous. Nous serons heureux de vous conseiller. Utilisez la recherche de revendeurs pour trouver votre sp\u00e9cialiste en armoires de toilette lumineuses pr\u00e8s de chez vous. <\/br>\nPour ne manquer aucune nouvelle de Sidler, il vous suffit de vous abonner \u00e0 notre bulletin d'information.<\/span>\t\t\t\t<\/div>\n\t\t\t\t<\/div>\n\t\t\t\t<section class=\"has_eae_slider elementor-section elementor-inner-section elementor-element elementor-element-512062bf elementor-section-boxed elementor-section-height-default elementor-section-height-default\" data-id=\"512062bf\" data-element_type=\"section\">\n\t\t\t\t\t\t<div class=\"elementor-container elementor-column-gap-default\">\n\t\t\t\t\t<div class=\"has_eae_slider elementor-column elementor-col-100 elementor-inner-column elementor-element elementor-element-14df428a\" data-id=\"14df428a\" data-element_type=\"column\">\n\t\t\t<div class=\"elementor-widget-wrap elementor-element-populated\">\n\t\t\t\t\t\t<div class=\"elementor-element elementor-element-710e005f elementor-widget elementor-widget-html\" data-id=\"710e005f\" data-element_type=\"widget\" data-widget_type=\"html.default\">\n\t\t\t\t<div class=\"elementor-widget-container\">\n\t\t\t\t\t<div class=\"contact-section\">\n    <a onclick=\"showDiv()\"><img decoding=\"async\" src=\"\/wp-content\/uploads\/2019\/06\/sidler-telephone.png\"\/><\/a>\n    <a href=\"mailto:info@sidler.swiss\"><img decoding=\"async\" src=\"\/wp-content\/uploads\/2019\/06\/sidler-email.png\"\/><\/a>\n    <a href=\"\/fr\/recherche-de-revendeurs\/\"><img decoding=\"async\" src=\"\/wp-content\/uploads\/2019\/06\/sidler-address.png\"\/><\/a>\n    <a class=\"popup-newsletter-link\" onclick=\"showNewsletterDiv()\" ><img decoding=\"async\" src=\"\/wp-content\/uploads\/2020\/03\/newsletter.png\"\/><\/a>\n<\/div>\n<div id=\"telefon\" class=\"overlay\">\n\t<div class=\"popup\">\n\t\t<div class=\"close\" onclick=\"hideDiv()\">&times;<\/div>\n\t\t<div class=\"content\">\n\t\t\tNum\u00e9ro de t\u00e9l\u00e9phone: +41714669010\n\t\t<\/div>\n\t<\/div>\n<\/div>\n<div id=\"popup-newsletter\" class=\"overlay\">\n\t<div class=\"popup-newsletter\">\n\t\t<div class=\"close\" onclick=\"hideNewsletterDiv()\">&times;<\/div>\n\t\t<div class=\"content\">\n\t\t\t\n<div class=\"wpcf7 no-js\" id=\"wpcf7-f3054-o1\" lang=\"en-US\" dir=\"ltr\" data-wpcf7-id=\"3054\">\n<div class=\"screen-reader-response\"><p role=\"status\" aria-live=\"polite\" aria-atomic=\"true\"><\/p> <ul><\/ul><\/div>\n<form action=\"\/fr\/wp-json\/wp\/v2\/pages\/3154#wpcf7-f3054-o1\" method=\"post\" class=\"wpcf7-form init popup-newsletter-form\" aria-label=\"Contact form\" novalidate=\"novalidate\" data-status=\"init\">\n<div style=\"display: none;\">\n<input type=\"hidden\" name=\"_wpcf7\" value=\"3054\" \/>\n<input type=\"hidden\" name=\"_wpcf7_version\" value=\"6.0.5\" \/>\n<input type=\"hidden\" name=\"_wpcf7_locale\" value=\"en_US\" \/>\n<input type=\"hidden\" name=\"_wpcf7_unit_tag\" value=\"wpcf7-f3054-o1\" \/>\n<input type=\"hidden\" name=\"_wpcf7_container_post\" value=\"0\" \/>\n<input type=\"hidden\" name=\"_wpcf7_posted_data_hash\" value=\"\" \/>\n<input type=\"hidden\" name=\"_wpcf7cf_hidden_group_fields\" value=\"[]\" \/>\n<input type=\"hidden\" name=\"_wpcf7cf_hidden_groups\" value=\"[]\" \/>\n<input type=\"hidden\" name=\"_wpcf7cf_visible_groups\" value=\"[]\" \/>\n<input type=\"hidden\" name=\"_wpcf7cf_repeaters\" value=\"[]\" \/>\n<input type=\"hidden\" name=\"_wpcf7cf_steps\" value=\"{}\" \/>\n<input type=\"hidden\" name=\"_wpcf7cf_options\" value=\"{&quot;form_id&quot;:3054,&quot;conditions&quot;:[],&quot;settings&quot;:{&quot;animation&quot;:&quot;yes&quot;,&quot;animation_intime&quot;:200,&quot;animation_outtime&quot;:200,&quot;conditions_ui&quot;:&quot;normal&quot;,&quot;notice_dismissed&quot;:false,&quot;notice_dismissed_rollback-cf7-5.8.3&quot;:true}}\" \/>\n<input type=\"hidden\" name=\"_wpcf7_recaptcha_response\" value=\"\" \/>\n<\/div>\n<div class=\"popup-newsletter-name\">\n\t<p><span>Nom*:<span><br \/>\n<span class=\"wpcf7-form-control-wrap\" data-name=\"client-name\"><input size=\"40\" maxlength=\"400\" class=\"wpcf7-form-control wpcf7-text wpcf7-validates-as-required\" aria-required=\"true\" aria-invalid=\"false\" value=\"\" type=\"text\" name=\"client-name\" \/><\/span><br \/>\n<\/span><\/span>\n\t<\/p>\n<\/div>\n<div class=\"popup-newsletter-email\">\n\t<p><span>Email*:<span><br \/>\n<span class=\"wpcf7-form-control-wrap\" data-name=\"client-email\"><input size=\"40\" maxlength=\"400\" class=\"wpcf7-form-control wpcf7-email wpcf7-validates-as-required wpcf7-text wpcf7-validates-as-email\" aria-required=\"true\" aria-invalid=\"false\" value=\"\" type=\"email\" name=\"client-email\" \/><\/span><br \/>\n<\/span><\/span>\n\t<\/p>\n<\/div>\n<div class=\"popup-newsletter-phone\">\n\t<p><span>T\u00e9l\u00e9phone*:<span><br \/>\n<span class=\"wpcf7-form-control-wrap\" data-name=\"client-telephone\"><input size=\"40\" maxlength=\"400\" class=\"wpcf7-form-control wpcf7-tel wpcf7-validates-as-required wpcf7-text wpcf7-validates-as-tel\" aria-required=\"true\" aria-invalid=\"false\" value=\"\" type=\"tel\" name=\"client-telephone\" \/><\/span><br \/>\n<\/span><\/span>\n\t<\/p>\n<\/div>\n<p><span class=\"wpcf7-form-control-wrap\" data-name=\"datenschutz\"><span class=\"wpcf7-form-control wpcf7-acceptance\"><span class=\"wpcf7-list-item\"><label><input type=\"checkbox\" name=\"datenschutz\" value=\"1\" aria-invalid=\"false\" \/><span class=\"wpcf7-list-item-label\">En vous inscrivant \u00e0 la lettre d'information, vous acceptez que vos donn\u00e9es soient enregistr\u00e9es par Sidler Metallwaren AG \u00e0 cette fin. Les donn\u00e9es ne seront pas transmises \u00e0 d'autres personnes. Un retrait ult\u00e9rieur de votre consentement est possible \u00e0 tout moment. Vous trouverez de plus amples informations et notes sous \u2013 <a href=\"\/fr\/politique-de-confidentialite\/\">Protection des donn\u00e9es<\/a><\/span><\/label><\/span><\/span><\/span><br \/>\n<input class=\"wpcf7-form-control wpcf7-submit has-spinner\" type=\"submit\" value=\"Envoyer\" \/>\n<\/p><input type='hidden' class='wpcf7-pum' value='{\"closepopup\":false,\"closedelay\":0,\"openpopup\":false,\"openpopup_id\":0}' \/><div class=\"wpcf7-response-output\" aria-hidden=\"true\"><\/div>\n<\/form>\n<\/div>\n\n\t\t<\/div>\n\t<\/div>\n<\/div>\n<script>\nfunction showDiv() {\n   document.getElementById('telefon').classList.add(\"showphone\");\n}\nfunction hideDiv() {\n   document.getElementById('telefon').classList.remove(\"showphone\");\n}\nfunction showNewsletterDiv() {\n   document.getElementById('popup-newsletter').classList.add(\"showphone\");\n}\nfunction hideNewsletterDiv() {\n   document.getElementById('popup-newsletter').classList.remove(\"showphone\");\n}\n<\/script>\t\t\t\t<\/div>\n\t\t\t\t<\/div>\n\t\t\t\t\t<\/div>\n\t\t<\/div>\n\t\t\t\t\t<\/div>\n\t\t<\/section>\n\t\t\t\t\t<\/div>\n\t\t<\/div>\n\t\t\t\t\t<\/div>\n\t\t<\/section>\n\t\t\t\t<\/div>\n\t\t","protected":false},"excerpt":{"rendered":"<p>T\u00c9L\u00c9CHARGEMENTS BROCHURE Collection 2023 LISTE DES PRIX Liste de prix totale 2023 Prix Courant Pi\u00e8ces D\u00e9tach\u00e9es 2023 FICHE TECHNIQUE Avona Novo technique Cubango Schalter technique Cubango Sensor technique Econom LED technique Enexa AP technique Enexa UP technique Focus AP technique Focus UP technique Focus technique Gradient AP technique Gradient AP TW technique Gradient UP technique [&hellip;]<\/p>\n","protected":false},"author":9,"featured_media":0,"parent":0,"menu_order":0,"comment_status":"closed","ping_status":"closed","template":"elementor_header_footer","meta":{"footnotes":""},"class_list":["post-3154","page","type-page","status-publish","hentry","entry"],"_links":{"self":[{"href":"https:\/\/stage.sidler-metallwaren.ch\/fr\/wp-json\/wp\/v2\/pages\/3154","targetHints":{"allow":["GET"]}}],"collection":[{"href":"https:\/\/stage.sidler-metallwaren.ch\/fr\/wp-json\/wp\/v2\/pages"}],"about":[{"href":"https:\/\/stage.sidler-metallwaren.ch\/fr\/wp-json\/wp\/v2\/types\/page"}],"author":[{"embeddable":true,"href":"https:\/\/stage.sidler-metallwaren.ch\/fr\/wp-json\/wp\/v2\/users\/9"}],"replies":[{"embeddable":true,"href":"https:\/\/stage.sidler-metallwaren.ch\/fr\/wp-json\/wp\/v2\/comments?post=3154"}],"version-history":[{"count":21,"href":"https:\/\/stage.sidler-metallwaren.ch\/fr\/wp-json\/wp\/v2\/pages\/3154\/revisions"}],"predecessor-version":[{"id":7806,"href":"https:\/\/stage.sidler-metallwaren.ch\/fr\/wp-json\/wp\/v2\/pages\/3154\/revisions\/7806"}],"wp:attachment":[{"href":"https:\/\/stage.sidler-metallwaren.ch\/fr\/wp-json\/wp\/v2\/media?parent=3154"}],"curies":[{"name":"wp","href":"https:\/\/api.w.org\/{rel}","templated":true}]}}