{"id":2912,"date":"2020-03-05T12:17:49","date_gmt":"2020-03-05T12:17:49","guid":{"rendered":"http:\/\/sidler.swiss.128-127-71-240.x-mind.kundencloudserver.de\/?page_id=2912"},"modified":"2020-04-14T12:21:34","modified_gmt":"2020-04-14T12:21:34","slug":"blog","status":"publish","type":"page","link":"https:\/\/stage.sidler-metallwaren.ch\/fr\/blog\/","title":{"rendered":"BLOG"},"content":{"rendered":"\t\t<div data-elementor-type=\"wp-page\" data-elementor-id=\"2912\" class=\"elementor elementor-2912\">\n\t\t\t\t\t\t<section class=\"has_eae_slider elementor-section elementor-top-section elementor-element elementor-element-79587d3 elementor-section-boxed elementor-section-height-default elementor-section-height-default\" data-id=\"79587d3\" data-element_type=\"section\">\n\t\t\t\t\t\t<div class=\"elementor-container elementor-column-gap-default\">\n\t\t\t\t\t<div class=\"has_eae_slider elementor-column elementor-col-100 elementor-top-column elementor-element elementor-element-9d37a8c\" data-id=\"9d37a8c\" data-element_type=\"column\">\n\t\t\t<div class=\"elementor-widget-wrap elementor-element-populated\">\n\t\t\t\t\t\t<div class=\"elementor-element elementor-element-75cf760 elementor-widget elementor-widget-blog-layouts\" data-id=\"75cf760\" data-element_type=\"widget\" data-widget_type=\"blog-layouts.default\">\n\t\t\t\t<div class=\"elementor-widget-container\">\n\t\t\t\t\t<div class=\"clearfix\"><\/div><div class=\"bloglayouts bloglayouts-bp-vc-element-blogs  bloglayouts-bp-blogs-style1 bloglayouts-bp-vc-blogs-2-col bloglayouts-bp-vc-element-blogs-1 element-no-padding\"><div class=\"bloglayouts-bp-vc-element-blogs-article-container\"><article class=\"item-blogs first-element-blogs col-xs-6  vc-element-post-odd\"><div class=\"article-image\"><a href=\"https:\/\/stage.sidler-metallwaren.ch\/fr\/nous-avons-une-nouvelle-adresse\/\"><img decoding=\"async\" class=\"bloglayouts-thumbs\" src=\"https:\/\/stage.sidler-metallwaren.ch\/wp-content\/uploads\/2023\/01\/Image_05-1-edited-700x400.jpeg\" alt=\"Nous avons une nouvelle adresse !\"><\/a><div class=\"article-comment comment-cloud\" style=\"--bg-comment-color-var:#009688;\"><span >0<\/span><\/div><\/div><div class=\"article-info-container\"><div class=\"article-info\"><div class=\"article-info-top\"><div class=\"article-category\"><a href=\"https:\/\/stage.sidler-metallwaren.ch\/fr\/category\/non-classifiee\/\" title=\"View all posts in Non classifi\u00e9(e)\" >Non classifi\u00e9(e)<\/a><\/div><h3 class=\"article-title\"><a href=\"https:\/\/stage.sidler-metallwaren.ch\/fr\/nous-avons-une-nouvelle-adresse\/\" >Nous avons une nouvelle adresse !<\/a><\/h3><div class=\"article-info-bottom\"><div class=\"article-author\"><a href=\"https:\/\/stage.sidler-metallwaren.ch\/fr\/author\/sidler_ag\/\" >SIDLER AG<\/a><\/div><div class=\"article-separator\">-<\/div><div class=\"article-date\" >f\u00e9vrier 7, 2023<\/div><div class=\"clearfix\"><\/div><\/div><\/div><\/div><div class=\"article-info\"><p class=\"article-excerpt\" >Le 1er d\u00e9cembre 2023, nous y \u00e9tions enfin. Notre nouveau site \u00e9tait pr\u00eat \u00e0 \u00eatre occup\u00e9. En l&rsquo;espace d&rsquo;une semaine seulement, nous a...<\/p><div class=\"clearfix\"><\/div><\/div><\/div><\/article><article class=\"item-blogs first-element-blogs col-xs-6  vc-element-post-even\"><div class=\"article-image\"><a href=\"https:\/\/stage.sidler-metallwaren.ch\/fr\/aufrichtfest-unseres-neubaus-in-romanshorn\/\"><img decoding=\"async\" class=\"bloglayouts-thumbs\" src=\"https:\/\/stage.sidler-metallwaren.ch\/wp-content\/uploads\/2022\/09\/20220922_153759322_iOS-700x400.jpg\" alt=\"F\u00eate de la construction de notre nouveau b\u00e2timent \u00e0 Romanshorn\"><\/a><div class=\"article-comment comment-cloud\" style=\"--bg-comment-color-var:#009688;\"><span >0<\/span><\/div><\/div><div class=\"article-info-container\"><div class=\"article-info\"><div class=\"article-info-top\"><div class=\"article-category\"><a href=\"https:\/\/stage.sidler-metallwaren.ch\/fr\/category\/non-classifiee\/\" title=\"View all posts in Non classifi\u00e9(e)\" >Non classifi\u00e9(e)<\/a><\/div><h3 class=\"article-title\"><a href=\"https:\/\/stage.sidler-metallwaren.ch\/fr\/aufrichtfest-unseres-neubaus-in-romanshorn\/\" >F\u00eate de la construction de notre nouveau b\u00e2timent \u00e0 Romanshorn<\/a><\/h3><div class=\"article-info-bottom\"><div class=\"article-author\"><a href=\"https:\/\/stage.sidler-metallwaren.ch\/fr\/author\/sidler_ag\/\" >SIDLER AG<\/a><\/div><div class=\"article-separator\">-<\/div><div class=\"article-date\" >octobre 5, 2022<\/div><div class=\"clearfix\"><\/div><\/div><\/div><\/div><div class=\"article-info\"><p class=\"article-excerpt\" >F\u00eate de la construction de notre nouveau b\u00e2timent \u00e0 Romanshorn Le 22 septembre, nous avons f\u00eat\u00e9 l&rsquo;inauguration de notre nouveau b\u00e2timent ?...<\/p><div class=\"clearfix\"><\/div><\/div><\/div><\/article><div class=\"clearfix\"><\/div><article class=\"item-blogs first-element-blogs col-xs-6  vc-element-post-odd\"><div class=\"article-image\"><a href=\"https:\/\/stage.sidler-metallwaren.ch\/fr\/construction-dun-nouveau-siege-social-sidler-metallwaren-ag-2\/\"><img decoding=\"async\" class=\"bloglayouts-thumbs\" src=\"https:\/\/stage.sidler-metallwaren.ch\/wp-content\/uploads\/2022\/04\/Bild-Spatenstich-2022-Print-700x400.jpg\" alt=\"Construction d\u2019un nouveau si\u00e8ge social SIDLER Metallwaren AG\"><\/a><div class=\"article-comment comment-cloud\" style=\"--bg-comment-color-var:#009688;\"><span >0<\/span><\/div><\/div><div class=\"article-info-container\"><div class=\"article-info\"><div class=\"article-info-top\"><div class=\"article-category\"><a href=\"https:\/\/stage.sidler-metallwaren.ch\/fr\/category\/non-classifiee\/\" title=\"View all posts in Non classifi\u00e9(e)\" >Non classifi\u00e9(e)<\/a><\/div><h3 class=\"article-title\"><a href=\"https:\/\/stage.sidler-metallwaren.ch\/fr\/construction-dun-nouveau-siege-social-sidler-metallwaren-ag-2\/\" >Construction d\u2019un nouveau si\u00e8ge social SIDLER Metallwaren AG<\/a><\/h3><div class=\"article-info-bottom\"><div class=\"article-author\"><a href=\"https:\/\/stage.sidler-metallwaren.ch\/fr\/author\/l-sonntag\/\" >Linda Sonntag<\/a><\/div><div class=\"article-separator\">-<\/div><div class=\"article-date\" >avril 7, 2022<\/div><div class=\"clearfix\"><\/div><\/div><\/div><\/div><div class=\"article-info\"><p class=\"article-excerpt\" >Construction d\u2019un nouveau si\u00e8ge social SIDLER Metallwaren AG La soci\u00e9t\u00e9 SIDLER Metallwaren AG a c\u00e9l\u00e9br\u00e9 l\u2019inauguration de la construction no...<\/p><div class=\"clearfix\"><\/div><\/div><\/div><\/article><article class=\"item-blogs first-element-blogs col-xs-6  vc-element-post-even\"><div class=\"article-image\"><a href=\"https:\/\/stage.sidler-metallwaren.ch\/fr\/fait-il-sens-de-developper-un-miroir-de-salle-de-bain-special-pour-le-maquillage\/\"><img decoding=\"async\" class=\"bloglayouts-thumbs\" src=\"https:\/\/stage.sidler-metallwaren.ch\/wp-content\/uploads\/2022\/04\/focus_60_ap_offen_05_Licht_MIT_DREHREGLER-700x400.jpg\" alt=\"Fait-il sens de d\u00e9velopper un miroir de salle de bain sp\u00e9cial pour le maquillage ?\"><\/a><div class=\"article-comment comment-cloud\" style=\"--bg-comment-color-var:#009688;\"><span >0<\/span><\/div><\/div><div class=\"article-info-container\"><div class=\"article-info\"><div class=\"article-info-top\"><div class=\"article-category\"><a href=\"https:\/\/stage.sidler-metallwaren.ch\/fr\/category\/non-classifiee\/\" title=\"View all posts in Non classifi\u00e9(e)\" >Non classifi\u00e9(e)<\/a><\/div><h3 class=\"article-title\"><a href=\"https:\/\/stage.sidler-metallwaren.ch\/fr\/fait-il-sens-de-developper-un-miroir-de-salle-de-bain-special-pour-le-maquillage\/\" >Fait-il sens de d\u00e9velopper un miroir de salle de bain sp\u00e9cial pour le maquillage ?<\/a><\/h3><div class=\"article-info-bottom\"><div class=\"article-author\"><a href=\"https:\/\/stage.sidler-metallwaren.ch\/fr\/author\/l-sonntag\/\" >Linda Sonntag<\/a><\/div><div class=\"article-separator\">-<\/div><div class=\"article-date\" >avril 7, 2022<\/div><div class=\"clearfix\"><\/div><\/div><\/div><\/div><div class=\"article-info\"><p class=\"article-excerpt\" >Fait-il sens de d\u00e9velopper un miroir de salle de bain sp\u00e9cial pour le maquillage ? Notre sp\u00e9cialiste du maquillage Gabriela Wassmer pense que oui, ...<\/p><div class=\"clearfix\"><\/div><\/div><\/div><\/article><div class=\"clearfix\"><\/div><article class=\"item-blogs first-element-blogs col-xs-6  vc-element-post-odd\"><div class=\"article-image\"><a href=\"https:\/\/stage.sidler-metallwaren.ch\/fr\/construction-dun-nouveau-siege-social-sidler-metallwaren-ag\/\"><img decoding=\"async\" class=\"bloglayouts-thumbs\" src=\"https:\/\/stage.sidler-metallwaren.ch\/wp-content\/uploads\/2022\/04\/Bild-Spatenstich-2022-Print-700x400.jpg\" alt=\"Construction d\u2019un nouveau si\u00e8ge social SIDLER Metallwaren AG\"><\/a><div class=\"article-comment comment-cloud\" style=\"--bg-comment-color-var:#009688;\"><span >0<\/span><\/div><\/div><div class=\"article-info-container\"><div class=\"article-info\"><div class=\"article-info-top\"><div class=\"article-category\"><a href=\"https:\/\/stage.sidler-metallwaren.ch\/fr\/category\/non-classifiee\/\" title=\"View all posts in Non classifi\u00e9(e)\" >Non classifi\u00e9(e)<\/a><\/div><h3 class=\"article-title\"><a href=\"https:\/\/stage.sidler-metallwaren.ch\/fr\/construction-dun-nouveau-siege-social-sidler-metallwaren-ag\/\" >Construction d\u2019un nouveau si\u00e8ge social SIDLER Metallwaren AG<\/a><\/h3><div class=\"article-info-bottom\"><div class=\"article-author\"><a href=\"https:\/\/stage.sidler-metallwaren.ch\/fr\/author\/l-sonntag\/\" >Linda Sonntag<\/a><\/div><div class=\"article-separator\">-<\/div><div class=\"article-date\" >avril 7, 2022<\/div><div class=\"clearfix\"><\/div><\/div><\/div><\/div><div class=\"article-info\"><p class=\"article-excerpt\" >Construction d\u2019un nouveau si\u00e8ge social SIDLER Metallwaren AG La soci\u00e9t\u00e9 SIDLER Metallwaren AG a c\u00e9l\u00e9br\u00e9 l\u2019inauguration de la construction no...<\/p><div class=\"clearfix\"><\/div><\/div><\/div><\/article><article class=\"item-blogs first-element-blogs col-xs-6  vc-element-post-even\"><div class=\"article-image\"><a href=\"https:\/\/stage.sidler-metallwaren.ch\/fr\/les-journees-de-decouverte-de-lilli-chez-sidler\/\"><img decoding=\"async\" class=\"bloglayouts-thumbs\" src=\"https:\/\/stage.sidler-metallwaren.ch\/wp-content\/uploads\/2021\/07\/Kinder_klein-700x400.jpg\" alt=\"Les journ\u00e9es de d\u00e9couverte de Lilli chez SIDLER\"><\/a><div class=\"article-comment comment-cloud\" style=\"--bg-comment-color-var:#009688;\"><span >0<\/span><\/div><\/div><div class=\"article-info-container\"><div class=\"article-info\"><div class=\"article-info-top\"><div class=\"article-category\"><a href=\"https:\/\/stage.sidler-metallwaren.ch\/fr\/category\/non-classifiee\/\" title=\"View all posts in Non classifi\u00e9(e)\" >Non classifi\u00e9(e)<\/a><\/div><h3 class=\"article-title\"><a href=\"https:\/\/stage.sidler-metallwaren.ch\/fr\/les-journees-de-decouverte-de-lilli-chez-sidler\/\" >Les journ\u00e9es de d\u00e9couverte de Lilli chez SIDLER<\/a><\/h3><div class=\"article-info-bottom\"><div class=\"article-author\"><a href=\"https:\/\/stage.sidler-metallwaren.ch\/fr\/author\/l-sonntag\/\" >Linda Sonntag<\/a><\/div><div class=\"article-separator\">-<\/div><div class=\"article-date\" >juillet 20, 2021<\/div><div class=\"clearfix\"><\/div><\/div><\/div><\/div><div class=\"article-info\"><p class=\"article-excerpt\" >Les journ\u00e9es de d\u00e9couverte de Lilli chez SIDLER Je m&rsquo;appelle Lilli et cette semaine j&rsquo;ai \u00e9t\u00e9 autoris\u00e9e \u00e0 faire un stage scolaire che...<\/p><div class=\"clearfix\"><\/div><\/div><\/div><\/article><div class=\"clearfix\"><\/div><article class=\"item-blogs first-element-blogs col-xs-6  vc-element-post-odd\"><div class=\"article-image\"><a href=\"https:\/\/stage.sidler-metallwaren.ch\/fr\/combinaison-de-lumiere-et-de-metal\/\"><img decoding=\"async\" class=\"bloglayouts-thumbs\" src=\"https:\/\/stage.sidler-metallwaren.ch\/wp-content\/uploads\/2021\/03\/IMG_0017-3-700x400.jpg\" alt=\"COMBINAISON DE LUMI\u00c8RE ET DE M\u00c9TAL.\"><\/a><div class=\"article-comment comment-cloud\" style=\"--bg-comment-color-var:#009688;\"><span >0<\/span><\/div><\/div><div class=\"article-info-container\"><div class=\"article-info\"><div class=\"article-info-top\"><div class=\"article-category\"><a href=\"https:\/\/stage.sidler-metallwaren.ch\/fr\/category\/non-classifiee\/\" title=\"View all posts in Non classifi\u00e9(e)\" >Non classifi\u00e9(e)<\/a><\/div><h3 class=\"article-title\"><a href=\"https:\/\/stage.sidler-metallwaren.ch\/fr\/combinaison-de-lumiere-et-de-metal\/\" >COMBINAISON DE LUMI\u00c8RE ET DE M\u00c9TAL.<\/a><\/h3><div class=\"article-info-bottom\"><div class=\"article-author\"><a href=\"https:\/\/stage.sidler-metallwaren.ch\/fr\/author\/l-sonntag\/\" >Linda Sonntag<\/a><\/div><div class=\"article-separator\">-<\/div><div class=\"article-date\" >mars 25, 2021<\/div><div class=\"clearfix\"><\/div><\/div><\/div><\/div><div class=\"article-info\"><p class=\"article-excerpt\" >COMBINAISON DE LUMI\u00c8RE ET DE M\u00c9TAL. SIDLER est connu depuis plus de 50 ans comme un fournisseur comp\u00e9tent et fiable de l&rsquo;industrie de l&rsquo...<\/p><div class=\"clearfix\"><\/div><\/div><\/div><\/article><article class=\"item-blogs first-element-blogs col-xs-6  vc-element-post-even\"><div class=\"article-image\"><a href=\"https:\/\/stage.sidler-metallwaren.ch\/fr\/5-conseils-pour-une-salle-de-bain-durable\/\"><img decoding=\"async\" class=\"bloglayouts-thumbs\" src=\"https:\/\/stage.sidler-metallwaren.ch\/wp-content\/uploads\/2021\/03\/trees-1372608_1920-700x400.jpg\" alt=\"5 conseils pour une salle de bain durable.\"><\/a><div class=\"article-comment comment-cloud\" style=\"--bg-comment-color-var:#009688;\"><span >0<\/span><\/div><\/div><div class=\"article-info-container\"><div class=\"article-info\"><div class=\"article-info-top\"><div class=\"article-category\"><a href=\"https:\/\/stage.sidler-metallwaren.ch\/fr\/category\/non-classifiee\/\" title=\"View all posts in Non classifi\u00e9(e)\" >Non classifi\u00e9(e)<\/a><\/div><h3 class=\"article-title\"><a href=\"https:\/\/stage.sidler-metallwaren.ch\/fr\/5-conseils-pour-une-salle-de-bain-durable\/\" >5 conseils pour une salle de bain durable.<\/a><\/h3><div class=\"article-info-bottom\"><div class=\"article-author\"><a href=\"https:\/\/stage.sidler-metallwaren.ch\/fr\/author\/l-sonntag\/\" >Linda Sonntag<\/a><\/div><div class=\"article-separator\">-<\/div><div class=\"article-date\" >mars 23, 2021<\/div><div class=\"clearfix\"><\/div><\/div><\/div><\/div><div class=\"article-info\"><p class=\"article-excerpt\" >Comment concevoir une salle de bain durable Le d\u00e9sir de luxe et de d\u00e9tente dans la salle de bain peut-il \u00eatre combin\u00e9 avec la durabilit\u00e9? La gamm...<\/p><div class=\"clearfix\"><\/div><\/div><\/div><\/article><div class=\"clearfix\"><\/div><article class=\"item-blogs first-element-blogs col-xs-6  vc-element-post-odd\"><div class=\"article-image\"><a href=\"https:\/\/stage.sidler-metallwaren.ch\/fr\/le-bien-etre-en-hiver-comment-transformer-votre-salle-de-bains-en-oasis-de-bien-etre-en-hiver\/\"><img decoding=\"async\" class=\"bloglayouts-thumbs\" src=\"https:\/\/stage.sidler-metallwaren.ch\/wp-content\/uploads\/2020\/12\/Badezimmer-Wellness-700x400.jpg\" alt=\"Le bien-\u00eatre en hiver : Comment transformer votre salle de bains en oasis de bien-\u00eatre en hiver\"><\/a><div class=\"article-comment comment-cloud\" style=\"--bg-comment-color-var:#009688;\"><span >0<\/span><\/div><\/div><div class=\"article-info-container\"><div class=\"article-info\"><div class=\"article-info-top\"><div class=\"article-category\"><a href=\"https:\/\/stage.sidler-metallwaren.ch\/fr\/category\/non-classifiee\/\" title=\"View all posts in Non classifi\u00e9(e)\" >Non classifi\u00e9(e)<\/a><\/div><h3 class=\"article-title\"><a href=\"https:\/\/stage.sidler-metallwaren.ch\/fr\/le-bien-etre-en-hiver-comment-transformer-votre-salle-de-bains-en-oasis-de-bien-etre-en-hiver\/\" >Le bien-\u00eatre en hiver : Comment transformer votre salle de bains en oasis de bien-\u00eatre en hiver<\/a><\/h3><div class=\"article-info-bottom\"><div class=\"article-author\"><a href=\"https:\/\/stage.sidler-metallwaren.ch\/fr\/author\/l-sonntag\/\" >Linda Sonntag<\/a><\/div><div class=\"article-separator\">-<\/div><div class=\"article-date\" >d\u00e9cembre 18, 2020<\/div><div class=\"clearfix\"><\/div><\/div><\/div><\/div><div class=\"article-info\"><p class=\"article-excerpt\" >Le bien-\u00eatre en hiver : Comment transformer votre salle de bains en oasis de bien-\u00eatre en hiver...<\/p><div class=\"clearfix\"><\/div><\/div><\/div><\/article><article class=\"item-blogs first-element-blogs col-xs-6  vc-element-post-even\"><div class=\"article-image\"><a href=\"https:\/\/stage.sidler-metallwaren.ch\/fr\/3-conseils-pour-transformer-une-petite-salle-de-bain-en-oasis-de-bien\/\"><img decoding=\"async\" class=\"bloglayouts-thumbs\" src=\"https:\/\/stage.sidler-metallwaren.ch\/wp-content\/uploads\/2020\/10\/Kleines-Badezimmer_Bild-700x400.png\" alt=\"3 conseils pour transformer une petite salle de bain en oasis de bien-\"><\/a><div class=\"article-comment comment-cloud\" style=\"--bg-comment-color-var:#009688;\"><span >0<\/span><\/div><\/div><div class=\"article-info-container\"><div class=\"article-info\"><div class=\"article-info-top\"><div class=\"article-category\"><a href=\"https:\/\/stage.sidler-metallwaren.ch\/fr\/category\/non-classifiee\/\" title=\"View all posts in Non classifi\u00e9(e)\" >Non classifi\u00e9(e)<\/a><\/div><h3 class=\"article-title\"><a href=\"https:\/\/stage.sidler-metallwaren.ch\/fr\/3-conseils-pour-transformer-une-petite-salle-de-bain-en-oasis-de-bien\/\" >3 conseils pour transformer une petite salle de bain en oasis de bien-<\/a><\/h3><div class=\"article-info-bottom\"><div class=\"article-author\"><a href=\"https:\/\/stage.sidler-metallwaren.ch\/fr\/author\/l-sonntag\/\" >Linda Sonntag<\/a><\/div><div class=\"article-separator\">-<\/div><div class=\"article-date\" >octobre 14, 2020<\/div><div class=\"clearfix\"><\/div><\/div><\/div><\/div><div class=\"article-info\"><p class=\"article-excerpt\" >3 conseils pour transformer une petite salle de bain en oasis de bien-\u00eatre Les petites salles de bain peuvent \u00eatre tr\u00e8s restrictives et frustrantes...<\/p><div class=\"clearfix\"><\/div><\/div><\/div><\/article><div class=\"clearfix\"><\/div><\/div><div class=\"clearfix\"><\/div><\/div>\t\t\t\t<\/div>\n\t\t\t\t<\/div>\n\t\t\t\t<div class=\"elementor-element elementor-element-30ec519 elementor-widget elementor-widget-html\" data-id=\"30ec519\" data-element_type=\"widget\" data-widget_type=\"html.default\">\n\t\t\t\t<div class=\"elementor-widget-container\">\n\t\t\t\t\t<div class=\"contact-section\" style=\"display: none;\">\n    <a class=\"popup-newsletter-link\" onclick=\"showNewsletterDiv()\" ><img decoding=\"async\" src=\"\/wp-content\/uploads\/2020\/03\/newsletter.png\"\/><\/a>\n<\/div>\n<div id=\"popup-newsletter\" class=\"overlay\">\n\t<div class=\"popup-newsletter\">\n\t\t<div class=\"close\" onclick=\"hideNewsletterDiv()\">&times;<\/div>\n\t\t<div class=\"content\">\n\t\t\t\n<div class=\"wpcf7 no-js\" id=\"wpcf7-f3054-o1\" lang=\"en-US\" dir=\"ltr\" data-wpcf7-id=\"3054\">\n<div class=\"screen-reader-response\"><p role=\"status\" aria-live=\"polite\" aria-atomic=\"true\"><\/p> <ul><\/ul><\/div>\n<form action=\"\/fr\/wp-json\/wp\/v2\/pages\/2912#wpcf7-f3054-o1\" method=\"post\" class=\"wpcf7-form init popup-newsletter-form\" aria-label=\"Contact form\" novalidate=\"novalidate\" data-status=\"init\">\n<div style=\"display: none;\">\n<input type=\"hidden\" name=\"_wpcf7\" value=\"3054\" \/>\n<input type=\"hidden\" name=\"_wpcf7_version\" value=\"6.0.5\" \/>\n<input type=\"hidden\" name=\"_wpcf7_locale\" value=\"en_US\" \/>\n<input type=\"hidden\" name=\"_wpcf7_unit_tag\" value=\"wpcf7-f3054-o1\" \/>\n<input type=\"hidden\" name=\"_wpcf7_container_post\" value=\"0\" \/>\n<input type=\"hidden\" name=\"_wpcf7_posted_data_hash\" value=\"\" \/>\n<input type=\"hidden\" name=\"_wpcf7cf_hidden_group_fields\" value=\"[]\" \/>\n<input type=\"hidden\" name=\"_wpcf7cf_hidden_groups\" value=\"[]\" \/>\n<input type=\"hidden\" name=\"_wpcf7cf_visible_groups\" value=\"[]\" \/>\n<input type=\"hidden\" name=\"_wpcf7cf_repeaters\" value=\"[]\" \/>\n<input type=\"hidden\" name=\"_wpcf7cf_steps\" value=\"{}\" \/>\n<input type=\"hidden\" name=\"_wpcf7cf_options\" value=\"{&quot;form_id&quot;:3054,&quot;conditions&quot;:[],&quot;settings&quot;:{&quot;animation&quot;:&quot;yes&quot;,&quot;animation_intime&quot;:200,&quot;animation_outtime&quot;:200,&quot;conditions_ui&quot;:&quot;normal&quot;,&quot;notice_dismissed&quot;:false,&quot;notice_dismissed_rollback-cf7-5.8.3&quot;:true}}\" \/>\n<input type=\"hidden\" name=\"_wpcf7_recaptcha_response\" value=\"\" \/>\n<\/div>\n<div class=\"popup-newsletter-name\">\n\t<p><span>Nom*:<span><br \/>\n<span class=\"wpcf7-form-control-wrap\" data-name=\"client-name\"><input size=\"40\" maxlength=\"400\" class=\"wpcf7-form-control wpcf7-text wpcf7-validates-as-required\" aria-required=\"true\" aria-invalid=\"false\" value=\"\" type=\"text\" name=\"client-name\" \/><\/span><br \/>\n<\/span><\/span>\n\t<\/p>\n<\/div>\n<div class=\"popup-newsletter-email\">\n\t<p><span>Email*:<span><br \/>\n<span class=\"wpcf7-form-control-wrap\" data-name=\"client-email\"><input size=\"40\" maxlength=\"400\" class=\"wpcf7-form-control wpcf7-email wpcf7-validates-as-required wpcf7-text wpcf7-validates-as-email\" aria-required=\"true\" aria-invalid=\"false\" value=\"\" type=\"email\" name=\"client-email\" \/><\/span><br \/>\n<\/span><\/span>\n\t<\/p>\n<\/div>\n<div class=\"popup-newsletter-phone\">\n\t<p><span>T\u00e9l\u00e9phone*:<span><br \/>\n<span class=\"wpcf7-form-control-wrap\" data-name=\"client-telephone\"><input size=\"40\" maxlength=\"400\" class=\"wpcf7-form-control wpcf7-tel wpcf7-validates-as-required wpcf7-text wpcf7-validates-as-tel\" aria-required=\"true\" aria-invalid=\"false\" value=\"\" type=\"tel\" name=\"client-telephone\" \/><\/span><br \/>\n<\/span><\/span>\n\t<\/p>\n<\/div>\n<p><span class=\"wpcf7-form-control-wrap\" data-name=\"datenschutz\"><span class=\"wpcf7-form-control wpcf7-acceptance\"><span class=\"wpcf7-list-item\"><label><input type=\"checkbox\" name=\"datenschutz\" value=\"1\" aria-invalid=\"false\" \/><span class=\"wpcf7-list-item-label\">En vous inscrivant \u00e0 la lettre d'information, vous acceptez que vos donn\u00e9es soient enregistr\u00e9es par Sidler Metallwaren AG \u00e0 cette fin. Les donn\u00e9es ne seront pas transmises \u00e0 d'autres personnes. Un retrait ult\u00e9rieur de votre consentement est possible \u00e0 tout moment. Vous trouverez de plus amples informations et notes sous \u2013 <a href=\"\/fr\/politique-de-confidentialite\/\">Protection des donn\u00e9es<\/a><\/span><\/label><\/span><\/span><\/span><br \/>\n<input class=\"wpcf7-form-control wpcf7-submit has-spinner\" type=\"submit\" value=\"Envoyer\" \/>\n<\/p><input type='hidden' class='wpcf7-pum' value='{\"closepopup\":false,\"closedelay\":0,\"openpopup\":false,\"openpopup_id\":0}' \/><div class=\"wpcf7-response-output\" aria-hidden=\"true\"><\/div>\n<\/form>\n<\/div>\n\n\t\t<\/div>\n\t<\/div>\n<\/div>\n<script>\nfunction showNewsletterDiv() {\n   document.getElementById('popup-newsletter').classList.add(\"showphone\");\n}\nfunction hideNewsletterDiv() {\n   document.getElementById('popup-newsletter').classList.remove(\"showphone\");\n}\n<\/script>\t\t\t\t<\/div>\n\t\t\t\t<\/div>\n\t\t\t\t\t<\/div>\n\t\t<\/div>\n\t\t\t\t\t<\/div>\n\t\t<\/section>\n\t\t\t\t<\/div>\n\t\t","protected":false},"excerpt":{"rendered":"<p>0Non classifi\u00e9(e) Nouveaut\u00e9s 2020 Linda Sonntag-mars 4, 2020 &#8230; 0Non classifi\u00e9(e) Changement de g\u00e9n\u00e9ration Linda Sonntag-mars 4, 2020 Au printemps 2020, un changement de g\u00e9n\u00e9ration pr\u00e9vu de longue date dans la gestion de SIDLER Metallwaren AG : Les deux anciens propri\u00e9taires, Pet&#8230; &times;<\/p>\n","protected":false},"author":9,"featured_media":0,"parent":0,"menu_order":0,"comment_status":"closed","ping_status":"closed","template":"elementor_header_footer","meta":{"footnotes":""},"class_list":["post-2912","page","type-page","status-publish","hentry","entry","has-media"],"_links":{"self":[{"href":"https:\/\/stage.sidler-metallwaren.ch\/fr\/wp-json\/wp\/v2\/pages\/2912","targetHints":{"allow":["GET"]}}],"collection":[{"href":"https:\/\/stage.sidler-metallwaren.ch\/fr\/wp-json\/wp\/v2\/pages"}],"about":[{"href":"https:\/\/stage.sidler-metallwaren.ch\/fr\/wp-json\/wp\/v2\/types\/page"}],"author":[{"embeddable":true,"href":"https:\/\/stage.sidler-metallwaren.ch\/fr\/wp-json\/wp\/v2\/users\/9"}],"replies":[{"embeddable":true,"href":"https:\/\/stage.sidler-metallwaren.ch\/fr\/wp-json\/wp\/v2\/comments?post=2912"}],"version-history":[{"count":0,"href":"https:\/\/stage.sidler-metallwaren.ch\/fr\/wp-json\/wp\/v2\/pages\/2912\/revisions"}],"wp:attachment":[{"href":"https:\/\/stage.sidler-metallwaren.ch\/fr\/wp-json\/wp\/v2\/media?parent=2912"}],"curies":[{"name":"wp","href":"https:\/\/api.w.org\/{rel}","templated":true}]}}