{"id":2224,"date":"2020-02-06T10:54:46","date_gmt":"2020-02-06T10:54:46","guid":{"rendered":"http:\/\/sidler.swiss.128-127-71-240.x-mind.kundencloudserver.de\/?page_id=2224"},"modified":"2020-04-17T11:32:28","modified_gmt":"2020-04-17T11:32:28","slug":"recherche-de-revendeurs","status":"publish","type":"page","link":"https:\/\/stage.sidler-metallwaren.ch\/fr\/recherche-de-revendeurs\/","title":{"rendered":"Recherche de revendeurs"},"content":{"rendered":"\t\t<div data-elementor-type=\"wp-post\" data-elementor-id=\"2224\" class=\"elementor elementor-2224\">\n\t\t\t\t\t\t<section class=\"has_eae_slider elementor-section elementor-top-section elementor-element elementor-element-7a36e86f elementor-section-full_width elementor-section-height-default elementor-section-height-default\" data-id=\"7a36e86f\" data-element_type=\"section\" data-settings=\"{&quot;background_background&quot;:&quot;classic&quot;}\">\n\t\t\t\t\t\t<div class=\"elementor-container elementor-column-gap-default\">\n\t\t\t\t\t<div class=\"has_eae_slider elementor-column elementor-col-100 elementor-top-column elementor-element elementor-element-f275b12 header-page-img\" data-id=\"f275b12\" data-element_type=\"column\" data-settings=\"{&quot;background_background&quot;:&quot;classic&quot;}\">\n\t\t\t<div class=\"elementor-widget-wrap elementor-element-populated\">\n\t\t\t\t\t\t<div class=\"elementor-element elementor-element-05d781b elementor-widget elementor-widget-html\" data-id=\"05d781b\" data-element_type=\"widget\" data-widget_type=\"html.default\">\n\t\t\t\t<div class=\"elementor-widget-container\">\n\t\t\t\t\t<div class=\"header-page-text-xl\">\n    RECHERCHE DE REVENDEURS\n<\/div>\t\t\t\t<\/div>\n\t\t\t\t<\/div>\n\t\t\t\t\t<\/div>\n\t\t<\/div>\n\t\t\t\t\t<\/div>\n\t\t<\/section>\n\t\t\t\t<section class=\"has_eae_slider elementor-section elementor-top-section elementor-element elementor-element-c660b4e elementor-section-boxed elementor-section-height-default elementor-section-height-default\" data-id=\"c660b4e\" data-element_type=\"section\">\n\t\t\t\t\t\t<div class=\"elementor-container elementor-column-gap-default\">\n\t\t\t\t\t<div class=\"has_eae_slider elementor-column elementor-col-100 elementor-top-column elementor-element elementor-element-8fd6400\" data-id=\"8fd6400\" data-element_type=\"column\">\n\t\t\t<div class=\"elementor-widget-wrap elementor-element-populated\">\n\t\t\t\t\t\t<div class=\"elementor-element elementor-element-3bf35fcf elementor-widget elementor-widget-heading\" data-id=\"3bf35fcf\" data-element_type=\"widget\" data-widget_type=\"heading.default\">\n\t\t\t\t<div class=\"elementor-widget-container\">\n\t\t\t\t\t<span class=\"elementor-heading-title elementor-size-default\">Nos armoires de toilette lumineuses sont vendues exclusivement par des revendeurs sp\u00e9cialis\u00e9s. Vous trouverez ici le showroom de l'un de nos revendeurs dans votre r\u00e9gion, rapidement et facilement.<\/span>\t\t\t\t<\/div>\n\t\t\t\t<\/div>\n\t\t\t\t\t<\/div>\n\t\t<\/div>\n\t\t\t\t\t<\/div>\n\t\t<\/section>\n\t\t\t\t<section class=\"has_eae_slider elementor-section elementor-top-section elementor-element elementor-element-68b0a2c elementor-section-stretched elementor-section-full_width none elementor-section-height-default elementor-section-height-default\" data-id=\"68b0a2c\" data-element_type=\"section\" data-settings=\"{&quot;stretch_section&quot;:&quot;section-stretched&quot;}\">\n\t\t\t\t\t\t<div class=\"elementor-container elementor-column-gap-no\">\n\t\t\t\t\t<div class=\"has_eae_slider elementor-column elementor-col-50 elementor-top-column elementor-element elementor-element-9b74f33\" data-id=\"9b74f33\" data-element_type=\"column\" data-settings=\"{&quot;background_background&quot;:&quot;gradient&quot;}\">\n\t\t\t<div class=\"elementor-widget-wrap elementor-element-populated\">\n\t\t\t\t\t\t<div class=\"elementor-element elementor-element-0a36222 elementor-widget elementor-widget-text-editor\" data-id=\"0a36222\" data-element_type=\"widget\" data-widget_type=\"text-editor.default\">\n\t\t\t\t<div class=\"elementor-widget-container\">\n\t\t\t\t\t\t\t\t\t<p>SIDLER AG<br \/>Hofstrasse 3<br \/>CH-8590 Romanshorn<br \/>Telefon: +41 71 466 90 10<br \/>Telefax: +41 71 466 90 11<br \/>info@sidler.swiss<\/p>\t\t\t\t\t\t\t\t<\/div>\n\t\t\t\t<\/div>\n\t\t\t\t\t<\/div>\n\t\t<\/div>\n\t\t\t\t<div class=\"has_eae_slider elementor-column elementor-col-50 elementor-top-column elementor-element elementor-element-91ec223\" data-id=\"91ec223\" data-element_type=\"column\">\n\t\t\t<div class=\"elementor-widget-wrap elementor-element-populated\">\n\t\t\t\t\t\t<div class=\"elementor-element elementor-element-b95afce elementor-widget elementor-widget-google_maps\" data-id=\"b95afce\" data-element_type=\"widget\" data-widget_type=\"google_maps.default\">\n\t\t\t\t<div class=\"elementor-widget-container\">\n\t\t\t\t\t\t\t<div class=\"elementor-custom-embed\">\n\t\t\t<iframe loading=\"lazy\"\n\t\t\t\t\tsrc=\"https:\/\/maps.google.com\/maps?q=Sidler%20Metall&#038;t=m&#038;z=15&#038;output=embed&#038;iwloc=near\"\n\t\t\t\t\ttitle=\"Sidler Metall\"\n\t\t\t\t\taria-label=\"Sidler Metall\"\n\t\t\t><\/iframe>\n\t\t<\/div>\n\t\t\t\t\t\t<\/div>\n\t\t\t\t<\/div>\n\t\t\t\t\t<\/div>\n\t\t<\/div>\n\t\t\t\t\t<\/div>\n\t\t<\/section>\n\t\t\t\t<section class=\"has_eae_slider elementor-section elementor-top-section elementor-element elementor-element-60d9931 elementor-section-full_width elementor-section-height-default elementor-section-height-default\" data-id=\"60d9931\" data-element_type=\"section\">\n\t\t\t\t\t\t<div class=\"elementor-container elementor-column-gap-default\">\n\t\t\t\t\t<div class=\"has_eae_slider elementor-column elementor-col-100 elementor-top-column elementor-element elementor-element-ca51b17\" data-id=\"ca51b17\" data-element_type=\"column\">\n\t\t\t<div class=\"elementor-widget-wrap elementor-element-populated\">\n\t\t\t\t\t\t<div class=\"elementor-element elementor-element-2c2d00b elementor-widget elementor-widget-text-editor\" data-id=\"2c2d00b\" data-element_type=\"widget\" data-widget_type=\"text-editor.default\">\n\t\t\t\t<div class=\"elementor-widget-container\">\n\t\t\t\t\t\t\t\t\t<link rel='stylesheet' id='asl-plugin-css' href='https:\/\/stage.sidler-metallwaren.ch\/wp-content\/plugins\/codecanyon-16973546-agile-store-locator-google-maps-for-wordpress\/public\/css\/asl.css?version=4.5.6' type='text\/css' media='all' \/>\n<style type=\"text\/css\">\n  #asl-storelocator.asl-p-cont .Status_filter .onoffswitch-inner::before {content: \"OUVRIR\" !important}\n  #asl-storelocator.asl-p-cont .Status_filter .onoffswitch-inner::after {content: \"FERMER\" !important}\n  #asl-storelocator.asl-p-cont .btn-red {background: #CC3333 !important;color: #fff !important;}\n<\/style>\n<div id=\"asl-storelocator\" class=\"container no-pad storelocator-main asl-p-cont asl-template-0 asl-layout-0 asl-bg-7 full-width  asl-text-1\">\n    \n<div class=\"row Filter_section\">\n    <div class=\"col-xs-12 col-sm-4 search_filter\">\n        <p>Chercher Location<\/p>\n        <p>\n          <input type=\"text\" data-submit=\"disable\" data-provide=\"typeahead\" tabindex=\"2\" id=\"auto-complete-search\" placeholder=\"Indiquer le lieu\"  class=\"asl-search-address form-control typeahead isp_ignore\">\n          <span><i class=\"asl-geo icon-direction-outline\" title=\"Localisation actuelle\"><\/i><\/span>\n        <\/p>\n    <\/div>\n    <div class=\"col-xs-12 col-sm-8\">\n      <div class=\" asl-advance-filters hide\">\n                <div class=\"col-sm-9 col-md-8\">\n            <div class=\"col-sm-5 col-xs-5 drop_box_filter\">\n                <p><span>Les cat\u00e9gories<\/span><\/p>\n                <div class=\"categories_filter\">\n                <\/div>\n            <\/div>\n            <div class=\"col-sm-7 col-xs-7 range_filter hide\">\n                <p class=\"rangeFilter\">\n                  <span>Distance Range<\/span>\n                  <input id=\"asl-radius-slide\" type=\"text\" class=\"span2\" \/>\n                  <span class=\"rad-unit\">Rayon: <span id=\"asl-radius-input\"><\/span> <span id=\"asl-dist-unit\">KM<\/span><\/span>\n                <\/p>\n            <\/div>\n        <\/div>\n        <div class=\"col-sm-3 col-xs-4 col-md-3 col-md-push-1 col-sm-push-0 Status_filter\">\n            <p><span>Statut<\/span><\/p>\n            <div class=\"onoffswitch\">\n              <input type=\"checkbox\" name=\"onoffswitch\" class=\"onoffswitch-checkbox\" id=\"asl-open-close\" checked>\n              <label class=\"onoffswitch-label\" for=\"asl-open-close\">\n                  <span class=\"onoffswitch-inner\"><\/span>\n                  <span class=\"onoffswitch-switch\"><\/span>\n              <\/label>\n            <\/div>\n        <\/div>\n      <\/div>\n    <\/div>\n<\/div>\n  <div class=\"row asl-loc-sec\">\n    <div class=\"col-sm-8 col-xs-12 asl-map\">\n      <div class=\"store-locator\">\n        <div id=\"asl-map-canv\"><\/div>\n        <!-- agile-modal -->\n        <div id=\"agile-modal-direction\" class=\"agile-modal fade\">\n          <div class=\"agile-modal-backdrop-in\"><\/div>\n          <div class=\"agile-modal-dialog in\">\n            <div class=\"agile-modal-content\">\n              <div class=\"agile-modal-header\">\n                <button type=\"button\" class=\"close-directions close\" data-dismiss=\"agile-modal\" aria-label=\"Close\"><span aria-hidden=\"true\">&times;<\/span><\/button>\n                <h4>Get Your Directions<\/h4>\n              <\/div>\n              <div class=\"form-group\">\n                <label for=\"frm-lbl\">De:<\/label>\n                <input type=\"text\" class=\"form-control frm-place\" id=\"frm-lbl\" placeholder=\"Indiquer le lieu\">\n              <\/div>\n              <div class=\"form-group\">\n                <label for=\"frm-lbl\">\u00c0:<\/label>\n                <input readonly=\"true\" type=\"text\"  class=\"directions-to form-control\" id=\"to-lbl\" placeholder=\"Prepopulated Destination Address\">\n              <\/div>\n              <div class=\"form-group\">\n                <span for=\"frm-lbl\">Afficher Distance Dans<\/span>\n                <label class=\"checkbox-inline\">\n                  <input type=\"radio\" name=\"dist-type\"  id=\"rbtn-km\" value=\"0\"> KM                <\/label>\n                <label class=\"checkbox-inline\">\n                  <input type=\"radio\" name=\"dist-type\" checked id=\"rbtn-mile\" value=\"1\"> Mile                <\/label>\n              <\/div>\n              <div class=\"form-group\">\n                <button type=\"submit\" class=\"btn btn-default btn-submit\">OBTENIR DES DIRECTIONS<\/button>\n              <\/div>\n            <\/div>\n          <\/div>\n        <\/div>\n\n        <div id=\"asl-geolocation-agile-modal\" class=\"agile-modal fade\">\n          <div class=\"agile-modal-backdrop-in\"><\/div>\n          <div class=\"agile-modal-dialog in\">\n            <div class=\"agile-modal-content\">\n              <button type=\"button\" class=\"close-directions close\" data-dismiss=\"agile-modal\" aria-label=\"Close\"><span aria-hidden=\"true\">&times;<\/span><\/button>\n                            <div class=\"form-group\">\n                <h4>Localisez votre g\u00e9oposition<\/h4>\n              <\/div>\n              <div class=\"form-group\">\n                <div class=\"col-md-9\">\n                  <input type=\"text\" class=\"form-control\" id=\"asl-current-loc\" placeholder=\"Your Address\">\n                <\/div>\n                <div class=\"col-md-3\">\n                  <button type=\"button\" id=\"asl-btn-locate\" class=\"btn btn-default\">Localiser<\/button>\n                <\/div>\n              <\/div>\n                          <\/div>\n          <\/div>\n        <\/div>\n        <!-- agile-modal end -->\n      <\/div>\n    <\/div>\n    <div class=\"col-sm-4 col-xs-12 asl-panel\">\n            <div class=\"Num_of_store\">\n        <span>Nombre de revendeurs: <span class=\"count-result\">0<\/span><\/span>\n      <\/div> \n            <!--  Panel Listing -->\n      <div id=\"panel\" class=\"storelocator-panel\">\n        <div class=\"asl-overlay\" id=\"map-loading\">\n          <div class=\"white\"><\/div>\n          <div class=\"loading\"><img decoding=\"async\" style=\"margin-right: 10px;\" class=\"loader\" src=\"https:\/\/stage.sidler-metallwaren.ch\/wp-content\/plugins\/codecanyon-16973546-agile-store-locator-google-maps-for-wordpress\/public\/Logo\/loading.gif\">Chargement&#8230;<\/div>\n        <\/div>\n        <div class=\"panel-cont\">\n            <div class=\"panel-inner\">\n              <div class=\"col-md-12\">\n                  <ul id=\"p-statelist\"  role=\"tablist\" aria-multiselectable=\"true\">\n                  <\/ul>\n              <\/div>\n            <\/div>\n        <\/div>\n        <div class=\"directions-cont hide\">\n          <div class=\"agile-modal-header\">\n            <button type=\"button\" class=\"close\"><span aria-hidden=\"true\">&times;<\/span><\/button>\n            <h4>Directions<\/h4>\n          <\/div>\n          <div class=\"rendered-directions\"><\/div>\n        <\/div>\n      <\/div>\n    <\/div> \n  <\/div>\n<\/div>\n<!-- This plugin is developed by \"Agile Store Locator by WordPress\" https:\/\/agilestorelocator.com -->\n<script id=\"tmpl_list_item\" type=\"text\/x-jsrender\">\n  <div class=\"item\" data-id=\"{{:id}}\">\n    <div class=\"addr-sec\">\n    <p class=\"p-title\">{{:title}}<\/p>\n    <\/div>\n    <div class=\"clear\"><\/div>\n    <div class=\"col-md-9 col-xs-9 addr-sec\">\n      <p class=\"p-area\"><span class=\"glyphicon icon-location\"><\/span>{{:address}}<\/p>\n      {{if phone}}\n            <p class=\"p-area\"><span class=\"glyphicon icon-phone-outline\"><\/span>T\u00e9l\u00e9phone: <a href=\"tel:{{:phone}}\">{{:phone}}<\/a><\/p>\n      {{\/if}}\n      {{if email}}\n      <p class=\"p-area\"><span class=\"glyphicon icon-at\"><\/span><a href=\"mailto:{{:email}}\" style=\"text-transform: lowercase\">{{:email}}<\/a><\/p>\n      {{\/if}}\n      {{if fax}}\n        <p class=\"p-area\"><span class=\"glyphicon icon-fax\"><\/span> Fax:{{:fax}}<\/p>\n      {{\/if}}  \n      {{if c_names}}\n      <p class=\"p-area\"><span class=\"glyphicon icon-tag\"><\/span> {{:c_names}}<\/p>\n      {{\/if}}\n      {{if open_hours}}\n      <p class=\"p-area\"><span class=\"glyphicon icon-clock-1\"><\/span> {{:open_hours}}<\/p>\n      {{\/if}}\n      {{if days_str}}\n      <p class=\"p-area\"><span class=\"glyphicon icon-calendar\"><\/span> {{:days_str}}<\/p>\n      {{\/if}}\n      {{if description}}\n      <p class=\"p-description\">{{:description}}<\/p>\n      {{\/if}}\n    <\/div>\n    <div class=\"col-md-3 col-xs-3\">\n      <div class=\"col-xs-5 col-md-12 item-thumb\">\n          <a class=\"thumb-a\">\n            {{if path}}\n              <img decoding=\"async\" src=\"https:\/\/stage.sidler-metallwaren.ch\/wp-content\/plugins\/codecanyon-16973546-agile-store-locator-google-maps-for-wordpress\/public\/Logo\/{{:path}}\" alt=\"logo\">\n            {{\/if}}\n          <\/a>\n      <\/div>\n    <\/div>\n    <div class=\"col-xs-12 distance\">\n        <div class=\"col-xs-6\">\n          <p class=\"p-direction\"><span class=\"s-direction\">Directions<\/span><\/p>\n        <\/div>\n        {{if distance}}\n        <div class=\"col-xs-6\">\n            <a class=\"s-distance\">Distance: {{:dist_str}}<\/a>\n        <\/div>\n        {{\/if}}\n    <\/div>\n    {{if description_2}}\n    <div class=\"col-xs-12\">\n      <a onclick=\"javascript:jQuery(this).next().next().slideToggle(100);jQuery(this).next().show();jQuery(this).hide()\" class=\"asl_Readmore_button\">Lire la suite<\/a>\n      <a onclick=\"javascript:jQuery(this).next().slideToggle(100);jQuery(this).prev().show();jQuery(this).hide()\" style=\"display:none\" class=\"asl_Readmore_button\">Cacher les d\u00e9tails<\/a>\n    <p class=\"more_info\" style=\"display:none\">{{:description_2}}<\/p>\n    <\/div>\n    {{\/if}}\n    <div class=\"clear\"\/>\n  <\/div>\n<\/script>\n<script id=\"asl_too_tip\" type=\"text\/x-jsrender\">\n{{if path}}\n<div class=\"image_map_popup\" style=\"display:none\"><img decoding=\"async\" src=\"{{:URL}}public\/Logo\/{{:path}}\" \/><\/div>\n{{\/if}}\n  <h3>{{:title}}<\/h3>\n  <div class=\"infowindowContent\">\n    <div class=\"info-addr\">\n      <div class=\"address\"><span class=\"glyphicon icon-location\"><\/span>{{:address}}<\/div>\n      {{if phone}}\n      <div class=\"phone\"><span class=\"glyphicon icon-phone-outline\"><\/span><b>T\u00e9l\u00e9phone: <\/b><a href=\"tel:{{:phone}}\">{{:phone}}<\/a><\/div>\n      {{\/if}}\n      {{if open_hours}}\n      <div class=\"p-time\"><span class=\"glyphicon icon-clock-1\"><\/span> {{:open_hours}}<\/div>\n      {{\/if}}\n      {{if days_str}}\n      <div class=\"p-time\"><span class=\"glyphicon icon-calendar-outlilne\"><\/span> {{:days_str}}<\/div>\n      {{\/if}}\n      {{if email}}\n      <div class=\"p-time\"><span class=\"glyphicon icon-at\"><\/span><a href=\"mailto:{{:email}}\" style=\"text-transform: lowercase\">{{:email}}<\/a><\/div>\n      {{\/if}}\n      {{if show_categories && c_names}}\n      <div class=\"categories\"><span class=\"glyphicon icon-tag\"><\/span>{{:c_names}}<\/div>\n      {{\/if}}\n      {{if description}}\n      <div class=\"p-time\">{{:description}}<\/div>\n      {{\/if}}\n      {{if distance}}\n      <div class=\"distance\">Distance: {{:dist_str}}<\/div>\n      {{\/if}}\n    <\/div>\n    <div class=\"img_box\" style=\"display:none\">\n    <img decoding=\"async\" src=\"{{:URL}}public\/Logo\/{{:path}}\" alt=\"logo\">\n  <\/div>\n  <div class=\"asl-buttons\"><\/div>\n<\/div><div class=\"arrow-down\"><\/div>\n<\/script>\n\t\t\t\t\t\t\t\t<\/div>\n\t\t\t\t<\/div>\n\t\t\t\t\t<\/div>\n\t\t<\/div>\n\t\t\t\t\t<\/div>\n\t\t<\/section>\n\t\t\t\t<section class=\"has_eae_slider elementor-section elementor-top-section elementor-element elementor-element-47791517 elementor-section-boxed elementor-section-height-default elementor-section-height-default\" data-id=\"47791517\" data-element_type=\"section\" data-settings=\"{&quot;background_background&quot;:&quot;classic&quot;}\">\n\t\t\t\t\t\t<div class=\"elementor-container elementor-column-gap-default\">\n\t\t\t\t\t<div class=\"has_eae_slider elementor-column elementor-col-100 elementor-top-column elementor-element elementor-element-150d786e\" data-id=\"150d786e\" data-element_type=\"column\">\n\t\t\t<div class=\"elementor-widget-wrap elementor-element-populated\">\n\t\t\t\t\t\t<div class=\"elementor-element elementor-element-210a0728 elementor-widget elementor-widget-heading\" data-id=\"210a0728\" data-element_type=\"widget\" data-widget_type=\"heading.default\">\n\t\t\t\t<div class=\"elementor-widget-container\">\n\t\t\t\t\t<h3 class=\"elementor-heading-title elementor-size-default\">NOUS SOMMES HEUREUX DE VOUS AIDER<\/h3>\t\t\t\t<\/div>\n\t\t\t\t<\/div>\n\t\t\t\t<div class=\"elementor-element elementor-element-ca3f475 elementor-widget elementor-widget-heading\" data-id=\"ca3f475\" data-element_type=\"widget\" data-widget_type=\"heading.default\">\n\t\t\t\t<div class=\"elementor-widget-container\">\n\t\t\t\t\t<span class=\"elementor-heading-title elementor-size-default\">\u00c9crivez-nous ou appelez-nous. Nous serons heureux de vous conseiller. Utilisez la recherche de revendeurs pour trouver votre sp\u00e9cialiste en armoires de toilette lumineuses pr\u00e8s de chez vous.<\/br>\nPour ne manquer aucune nouvelle de Sidler, il vous suffit de vous abonner \u00e0 notre bulletin d'information.<\/span>\t\t\t\t<\/div>\n\t\t\t\t<\/div>\n\t\t\t\t<section class=\"has_eae_slider elementor-section elementor-inner-section elementor-element elementor-element-172d1288 elementor-section-boxed elementor-section-height-default elementor-section-height-default\" data-id=\"172d1288\" data-element_type=\"section\">\n\t\t\t\t\t\t<div class=\"elementor-container elementor-column-gap-default\">\n\t\t\t\t\t<div class=\"has_eae_slider elementor-column elementor-col-100 elementor-inner-column elementor-element elementor-element-2abc9b06\" data-id=\"2abc9b06\" data-element_type=\"column\">\n\t\t\t<div class=\"elementor-widget-wrap elementor-element-populated\">\n\t\t\t\t\t\t<div class=\"elementor-element elementor-element-193dac3b elementor-widget elementor-widget-html\" data-id=\"193dac3b\" data-element_type=\"widget\" data-widget_type=\"html.default\">\n\t\t\t\t<div class=\"elementor-widget-container\">\n\t\t\t\t\t<div class=\"contact-section\">\n    <a onclick=\"showDiv()\"><img decoding=\"async\" src=\"\/wp-content\/uploads\/2019\/06\/sidler-telephone.png\"\/><\/a>\n    <a href=\"mailto:info@sidler.swiss\"><img decoding=\"async\" src=\"\/wp-content\/uploads\/2019\/06\/sidler-email.png\"\/><\/a>\n    <a href=\"\/fr\/recherche-de-revendeurs\/\"><img decoding=\"async\" src=\"\/wp-content\/uploads\/2019\/06\/sidler-address.png\"\/><\/a>\n    <a class=\"popup-newsletter-link\" onclick=\"showNewsletterDiv()\" ><img decoding=\"async\" src=\"\/wp-content\/uploads\/2020\/03\/newsletter.png\"\/><\/a>\n<\/div>\n<div id=\"telefon\" class=\"overlay\">\n\t<div class=\"popup\">\n\t\t<div class=\"close\" onclick=\"hideDiv()\">&times;<\/div>\n\t\t<div class=\"content\">\n\t\t\tNum\u00e9ro de t\u00e9l\u00e9phone: +41714669010\n\t\t<\/div>\n\t<\/div>\n<\/div>\n<div id=\"popup-newsletter\" class=\"overlay\">\n\t<div class=\"popup-newsletter\">\n\t\t<div class=\"close\" onclick=\"hideNewsletterDiv()\">&times;<\/div>\n\t\t<div class=\"content\">\n\t\t\t\n<div class=\"wpcf7 no-js\" id=\"wpcf7-f3054-o1\" lang=\"en-US\" dir=\"ltr\" data-wpcf7-id=\"3054\">\n<div class=\"screen-reader-response\"><p role=\"status\" aria-live=\"polite\" aria-atomic=\"true\"><\/p> <ul><\/ul><\/div>\n<form action=\"\/fr\/wp-json\/wp\/v2\/pages\/2224#wpcf7-f3054-o1\" method=\"post\" class=\"wpcf7-form init popup-newsletter-form\" aria-label=\"Contact form\" novalidate=\"novalidate\" data-status=\"init\">\n<div style=\"display: none;\">\n<input type=\"hidden\" name=\"_wpcf7\" value=\"3054\" \/>\n<input type=\"hidden\" name=\"_wpcf7_version\" value=\"6.0.5\" \/>\n<input type=\"hidden\" name=\"_wpcf7_locale\" value=\"en_US\" \/>\n<input type=\"hidden\" name=\"_wpcf7_unit_tag\" value=\"wpcf7-f3054-o1\" \/>\n<input type=\"hidden\" name=\"_wpcf7_container_post\" value=\"0\" \/>\n<input type=\"hidden\" name=\"_wpcf7_posted_data_hash\" value=\"\" \/>\n<input type=\"hidden\" name=\"_wpcf7cf_hidden_group_fields\" value=\"[]\" \/>\n<input type=\"hidden\" name=\"_wpcf7cf_hidden_groups\" value=\"[]\" \/>\n<input type=\"hidden\" name=\"_wpcf7cf_visible_groups\" value=\"[]\" \/>\n<input type=\"hidden\" name=\"_wpcf7cf_repeaters\" value=\"[]\" \/>\n<input type=\"hidden\" name=\"_wpcf7cf_steps\" value=\"{}\" \/>\n<input type=\"hidden\" name=\"_wpcf7cf_options\" value=\"{&quot;form_id&quot;:3054,&quot;conditions&quot;:[],&quot;settings&quot;:{&quot;animation&quot;:&quot;yes&quot;,&quot;animation_intime&quot;:200,&quot;animation_outtime&quot;:200,&quot;conditions_ui&quot;:&quot;normal&quot;,&quot;notice_dismissed&quot;:false,&quot;notice_dismissed_rollback-cf7-5.8.3&quot;:true}}\" \/>\n<input type=\"hidden\" name=\"_wpcf7_recaptcha_response\" value=\"\" \/>\n<\/div>\n<div class=\"popup-newsletter-name\">\n\t<p><span>Nom*:<span><br \/>\n<span class=\"wpcf7-form-control-wrap\" data-name=\"client-name\"><input size=\"40\" maxlength=\"400\" class=\"wpcf7-form-control wpcf7-text wpcf7-validates-as-required\" aria-required=\"true\" aria-invalid=\"false\" value=\"\" type=\"text\" name=\"client-name\" \/><\/span><br \/>\n<\/span><\/span>\n\t<\/p>\n<\/div>\n<div class=\"popup-newsletter-email\">\n\t<p><span>Email*:<span><br \/>\n<span class=\"wpcf7-form-control-wrap\" data-name=\"client-email\"><input size=\"40\" maxlength=\"400\" class=\"wpcf7-form-control wpcf7-email wpcf7-validates-as-required wpcf7-text wpcf7-validates-as-email\" aria-required=\"true\" aria-invalid=\"false\" value=\"\" type=\"email\" name=\"client-email\" \/><\/span><br \/>\n<\/span><\/span>\n\t<\/p>\n<\/div>\n<div class=\"popup-newsletter-phone\">\n\t<p><span>T\u00e9l\u00e9phone*:<span><br \/>\n<span class=\"wpcf7-form-control-wrap\" data-name=\"client-telephone\"><input size=\"40\" maxlength=\"400\" class=\"wpcf7-form-control wpcf7-tel wpcf7-validates-as-required wpcf7-text wpcf7-validates-as-tel\" aria-required=\"true\" aria-invalid=\"false\" value=\"\" type=\"tel\" name=\"client-telephone\" \/><\/span><br \/>\n<\/span><\/span>\n\t<\/p>\n<\/div>\n<p><span class=\"wpcf7-form-control-wrap\" data-name=\"datenschutz\"><span class=\"wpcf7-form-control wpcf7-acceptance\"><span class=\"wpcf7-list-item\"><label><input type=\"checkbox\" name=\"datenschutz\" value=\"1\" aria-invalid=\"false\" \/><span class=\"wpcf7-list-item-label\">En vous inscrivant \u00e0 la lettre d'information, vous acceptez que vos donn\u00e9es soient enregistr\u00e9es par Sidler Metallwaren AG \u00e0 cette fin. Les donn\u00e9es ne seront pas transmises \u00e0 d'autres personnes. Un retrait ult\u00e9rieur de votre consentement est possible \u00e0 tout moment. Vous trouverez de plus amples informations et notes sous \u2013 <a href=\"\/fr\/politique-de-confidentialite\/\">Protection des donn\u00e9es<\/a><\/span><\/label><\/span><\/span><\/span><br \/>\n<input class=\"wpcf7-form-control wpcf7-submit has-spinner\" type=\"submit\" value=\"Envoyer\" \/>\n<\/p><input type='hidden' class='wpcf7-pum' value='{\"closepopup\":false,\"closedelay\":0,\"openpopup\":false,\"openpopup_id\":0}' \/><div class=\"wpcf7-response-output\" aria-hidden=\"true\"><\/div>\n<\/form>\n<\/div>\n\n\t\t<\/div>\n\t<\/div>\n<\/div>\n<script>\nfunction showDiv() {\n   document.getElementById('telefon').classList.add(\"showphone\");\n}\nfunction hideDiv() {\n   document.getElementById('telefon').classList.remove(\"showphone\");\n}\nfunction showNewsletterDiv() {\n   document.getElementById('popup-newsletter').classList.add(\"showphone\");\n}\nfunction hideNewsletterDiv() {\n   document.getElementById('popup-newsletter').classList.remove(\"showphone\");\n}\n<\/script>\t\t\t\t<\/div>\n\t\t\t\t<\/div>\n\t\t\t\t\t<\/div>\n\t\t<\/div>\n\t\t\t\t\t<\/div>\n\t\t<\/section>\n\t\t\t\t\t<\/div>\n\t\t<\/div>\n\t\t\t\t\t<\/div>\n\t\t<\/section>\n\t\t\t\t<\/div>\n\t\t","protected":false},"excerpt":{"rendered":"<p>RECHERCHE DE REVENDEURS Nos armoires de toilette lumineuses sont vendues exclusivement par des revendeurs sp\u00e9cialis\u00e9s. Vous trouverez ici le showroom de l&rsquo;un de nos revendeurs dans votre r\u00e9gion, rapidement et facilement. SIDLER AGHofstrasse 3CH-8590 RomanshornTelefon: +41 71 466 90 10Telefax: +41 71 466 90 11info@sidler.swiss NOUS SOMMES HEUREUX DE VOUS AIDER \u00c9crivez-nous ou appelez-nous. Nous [&hellip;]<\/p>\n","protected":false},"author":9,"featured_media":0,"parent":0,"menu_order":0,"comment_status":"closed","ping_status":"closed","template":"elementor_header_footer","meta":{"footnotes":""},"class_list":["post-2224","page","type-page","status-publish","hentry","entry"],"_links":{"self":[{"href":"https:\/\/stage.sidler-metallwaren.ch\/fr\/wp-json\/wp\/v2\/pages\/2224","targetHints":{"allow":["GET"]}}],"collection":[{"href":"https:\/\/stage.sidler-metallwaren.ch\/fr\/wp-json\/wp\/v2\/pages"}],"about":[{"href":"https:\/\/stage.sidler-metallwaren.ch\/fr\/wp-json\/wp\/v2\/types\/page"}],"author":[{"embeddable":true,"href":"https:\/\/stage.sidler-metallwaren.ch\/fr\/wp-json\/wp\/v2\/users\/9"}],"replies":[{"embeddable":true,"href":"https:\/\/stage.sidler-metallwaren.ch\/fr\/wp-json\/wp\/v2\/comments?post=2224"}],"version-history":[{"count":0,"href":"https:\/\/stage.sidler-metallwaren.ch\/fr\/wp-json\/wp\/v2\/pages\/2224\/revisions"}],"wp:attachment":[{"href":"https:\/\/stage.sidler-metallwaren.ch\/fr\/wp-json\/wp\/v2\/media?parent=2224"}],"curies":[{"name":"wp","href":"https:\/\/api.w.org\/{rel}","templated":true}]}}