{"id":1691,"date":"2020-01-27T02:32:49","date_gmt":"2020-01-27T02:32:49","guid":{"rendered":"http:\/\/sidler.swiss.128-127-71-240.x-mind.kundencloudserver.de\/?page_id=1691"},"modified":"2020-04-17T11:24:28","modified_gmt":"2020-04-17T11:24:28","slug":"a-propos-de-sidler","status":"publish","type":"page","link":"https:\/\/stage.sidler-metallwaren.ch\/fr\/a-propos-de-sidler\/","title":{"rendered":"\u00c0 PROPOS DE SIDLER"},"content":{"rendered":"\t\t<div data-elementor-type=\"wp-post\" data-elementor-id=\"1691\" class=\"elementor elementor-1691\">\n\t\t\t\t\t\t<section class=\"has_eae_slider elementor-section elementor-top-section elementor-element elementor-element-78196606 elementor-section-full_width elementor-section-height-default elementor-section-height-default\" data-id=\"78196606\" data-element_type=\"section\" data-settings=\"{&quot;background_background&quot;:&quot;classic&quot;}\">\n\t\t\t\t\t\t<div class=\"elementor-container elementor-column-gap-default\">\n\t\t\t\t\t<div class=\"has_eae_slider elementor-column elementor-col-100 elementor-top-column elementor-element elementor-element-27d3734f header-page-img\" data-id=\"27d3734f\" data-element_type=\"column\" data-settings=\"{&quot;background_background&quot;:&quot;classic&quot;}\">\n\t\t\t<div class=\"elementor-widget-wrap elementor-element-populated\">\n\t\t\t\t\t\t\t<\/div>\n\t\t<\/div>\n\t\t\t\t\t<\/div>\n\t\t<\/section>\n\t\t\t\t<section class=\"has_eae_slider elementor-section elementor-top-section elementor-element elementor-element-520435f4 elementor-section-stretched elementor-section-boxed elementor-section-height-default elementor-section-height-default\" data-id=\"520435f4\" data-element_type=\"section\" data-settings=\"{&quot;stretch_section&quot;:&quot;section-stretched&quot;}\">\n\t\t\t\t\t\t<div class=\"elementor-container elementor-column-gap-default\">\n\t\t\t\t\t<div class=\"has_eae_slider elementor-column elementor-col-100 elementor-top-column elementor-element elementor-element-40cb8b2e\" data-id=\"40cb8b2e\" data-element_type=\"column\">\n\t\t\t<div class=\"elementor-widget-wrap elementor-element-populated\">\n\t\t\t\t\t\t<div class=\"elementor-element elementor-element-2460399 elementor-widget elementor-widget-spacer\" data-id=\"2460399\" data-element_type=\"widget\" data-widget_type=\"spacer.default\">\n\t\t\t\t<div class=\"elementor-widget-container\">\n\t\t\t\t\t\t\t<div class=\"elementor-spacer\">\n\t\t\t<div class=\"elementor-spacer-inner\"><\/div>\n\t\t<\/div>\n\t\t\t\t\t\t<\/div>\n\t\t\t\t<\/div>\n\t\t\t\t<div class=\"elementor-element elementor-element-1143858 elementor-widget elementor-widget-heading\" data-id=\"1143858\" data-element_type=\"widget\" data-widget_type=\"heading.default\">\n\t\t\t\t<div class=\"elementor-widget-container\">\n\t\t\t\t\t<span class=\"elementor-heading-title elementor-size-default\">Les deux successeurs \u00e0 la t\u00eate de l\u2018entreprise familiale s\u2018engagent \u00e0 fa\u00e7onner l\u2018avenir avec succ\u00e8s.\n<\/span>\t\t\t\t<\/div>\n\t\t\t\t<\/div>\n\t\t\t\t<div class=\"elementor-element elementor-element-772a488 elementor-widget elementor-widget-heading\" data-id=\"772a488\" data-element_type=\"widget\" data-widget_type=\"heading.default\">\n\t\t\t\t<div class=\"elementor-widget-container\">\n\t\t\t\t\t<span class=\"elementor-heading-title elementor-size-default\">Vous pouvez compter sur une \u00e9quipe motiv\u00e9e et engag\u00e9e compos\u00e9e de nombreux collaborateurs comp\u00e9tents et de longue date.<\/span>\t\t\t\t<\/div>\n\t\t\t\t<\/div>\n\t\t\t\t<div class=\"elementor-element elementor-element-1795c4b elementor-widget elementor-widget-heading\" data-id=\"1795c4b\" data-element_type=\"widget\" data-widget_type=\"heading.default\">\n\t\t\t\t<div class=\"elementor-widget-container\">\n\t\t\t\t\t<span class=\"elementor-heading-title elementor-size-default\">La soci\u00e9t\u00e9 SIDLER a \u00e9t\u00e9 fond\u00e9e en 1964 pour la production de luminaires produits semi-finis. Quatre ans plus tard, c\u2018est le coup d\u2018envoi de l\u2018histoire \u00e0 succ\u00e8s avec la premi\u00e8re armoire de toilette lumineuse de SIDLER. La comp\u00e9tence en mati\u00e8re d\u2018\u00e9clairage a conduit \u00e0 des solutions techniques innovantes qui ont \u00e9tabli de nouveaux standards dans l\u2018industrie. Le jeune duo de direction fait sa marque dans l\u2018entreprise. La qualit\u00e9 reste durable, fiable et de haute qualit\u00e9. Parce que la prochaine g\u00e9n\u00e9ration chez SIDLER n\u2018est pas diff\u00e9rente.<\/span>\t\t\t\t<\/div>\n\t\t\t\t<\/div>\n\t\t\t\t\t<\/div>\n\t\t<\/div>\n\t\t\t\t\t<\/div>\n\t\t<\/section>\n\t\t\t\t<section class=\"has_eae_slider elementor-section elementor-top-section elementor-element elementor-element-d30ef13 elementor-section-boxed elementor-section-height-default elementor-section-height-default\" data-id=\"d30ef13\" data-element_type=\"section\">\n\t\t\t\t\t\t<div class=\"elementor-container elementor-column-gap-default\">\n\t\t\t\t\t<div class=\"has_eae_slider elementor-column elementor-col-100 elementor-top-column elementor-element elementor-element-43a941e\" data-id=\"43a941e\" data-element_type=\"column\">\n\t\t\t<div class=\"elementor-widget-wrap elementor-element-populated\">\n\t\t\t\t\t\t<div class=\"elementor-element elementor-element-8487b22 elementor-widget elementor-widget-html\" data-id=\"8487b22\" data-element_type=\"widget\" data-widget_type=\"html.default\">\n\t\t\t\t<div class=\"elementor-widget-container\">\n\t\t\t\t\t<div class=\"about-us-section\">\n  <img decoding=\"async\" class=\"owner-img\" src=\"\/wp-content\/uploads\/2019\/11\/Mario-Sidler.jpg\">\n  <div class=\"owner-text\">MARIO SIDLER<\/div>\n<\/div>\t\t\t\t<\/div>\n\t\t\t\t<\/div>\n\t\t\t\t\t<\/div>\n\t\t<\/div>\n\t\t\t\t\t<\/div>\n\t\t<\/section>\n\t\t\t\t<section class=\"has_eae_slider elementor-section elementor-top-section elementor-element elementor-element-0e08d82 elementor-section-stretched elementor-section-boxed elementor-section-height-default elementor-section-height-default\" data-id=\"0e08d82\" data-element_type=\"section\" data-settings=\"{&quot;stretch_section&quot;:&quot;section-stretched&quot;}\">\n\t\t\t\t\t\t<div class=\"elementor-container elementor-column-gap-default\">\n\t\t\t\t\t<div class=\"has_eae_slider elementor-column elementor-col-100 elementor-top-column elementor-element elementor-element-65e5be8\" data-id=\"65e5be8\" data-element_type=\"column\">\n\t\t\t<div class=\"elementor-widget-wrap elementor-element-populated\">\n\t\t\t\t\t\t<div class=\"elementor-element elementor-element-a88fc69 elementor-widget elementor-widget-heading\" data-id=\"a88fc69\" data-element_type=\"widget\" data-widget_type=\"heading.default\">\n\t\t\t\t<div class=\"elementor-widget-container\">\n\t\t\t\t\t<span class=\"elementor-heading-title elementor-size-default\">\u201eA l\u2018avenir aussi, nous voulons offrir ce qu\u2018il y a de mieux dans une grande diversit\u00e9. Ce faisant, nous regarderons au-del\u00e0 du bout du nez.\u201c<\/span>\t\t\t\t<\/div>\n\t\t\t\t<\/div>\n\t\t\t\t<div class=\"elementor-element elementor-element-ef8f109 elementor-widget elementor-widget-heading\" data-id=\"ef8f109\" data-element_type=\"widget\" data-widget_type=\"heading.default\">\n\t\t\t\t<div class=\"elementor-widget-container\">\n\t\t\t\t\t<span class=\"elementor-heading-title elementor-size-default\"><strong>Mario Sidler<\/strong><\/span>\t\t\t\t<\/div>\n\t\t\t\t<\/div>\n\t\t\t\t\t<\/div>\n\t\t<\/div>\n\t\t\t\t\t<\/div>\n\t\t<\/section>\n\t\t\t\t<section class=\"has_eae_slider elementor-section elementor-top-section elementor-element elementor-element-016f3d2 elementor-section-boxed elementor-section-height-default elementor-section-height-default\" data-id=\"016f3d2\" data-element_type=\"section\">\n\t\t\t\t\t\t<div class=\"elementor-container elementor-column-gap-default\">\n\t\t\t\t\t<div class=\"has_eae_slider elementor-column elementor-col-100 elementor-top-column elementor-element elementor-element-adc0c85\" data-id=\"adc0c85\" data-element_type=\"column\">\n\t\t\t<div class=\"elementor-widget-wrap elementor-element-populated\">\n\t\t\t\t\t\t<div class=\"elementor-element elementor-element-fc6ca2a elementor-widget elementor-widget-html\" data-id=\"fc6ca2a\" data-element_type=\"widget\" data-widget_type=\"html.default\">\n\t\t\t\t<div class=\"elementor-widget-container\">\n\t\t\t\t\t<div class=\"about-us-section\">\n  <img decoding=\"async\" class=\"owner-img\" src=\"\/wp-content\/uploads\/2019\/11\/Daniel-Keller.jpg\">\n  <div class=\"owner-text\">DANIEL KELLER<\/div>\n<\/div>\t\t\t\t<\/div>\n\t\t\t\t<\/div>\n\t\t\t\t\t<\/div>\n\t\t<\/div>\n\t\t\t\t\t<\/div>\n\t\t<\/section>\n\t\t\t\t<section class=\"has_eae_slider elementor-section elementor-top-section elementor-element elementor-element-04acfad elementor-section-stretched elementor-section-boxed elementor-section-height-default elementor-section-height-default\" data-id=\"04acfad\" data-element_type=\"section\" data-settings=\"{&quot;stretch_section&quot;:&quot;section-stretched&quot;}\">\n\t\t\t\t\t\t<div class=\"elementor-container elementor-column-gap-default\">\n\t\t\t\t\t<div class=\"has_eae_slider elementor-column elementor-col-100 elementor-top-column elementor-element elementor-element-d0e3831\" data-id=\"d0e3831\" data-element_type=\"column\">\n\t\t\t<div class=\"elementor-widget-wrap elementor-element-populated\">\n\t\t\t\t\t\t<div class=\"elementor-element elementor-element-72f9cf3 elementor-widget elementor-widget-heading\" data-id=\"72f9cf3\" data-element_type=\"widget\" data-widget_type=\"heading.default\">\n\t\t\t\t<div class=\"elementor-widget-container\">\n\t\t\t\t\t<span class=\"elementor-heading-title elementor-size-default\">\u201eLe premier changement visible est notre nouvelle identit\u00e9 de marque. Mais ce ne sera pas tout. On a des projets: Laissez-nous vous surprendre.\u201c<\/span>\t\t\t\t<\/div>\n\t\t\t\t<\/div>\n\t\t\t\t<div class=\"elementor-element elementor-element-650fc84 elementor-widget elementor-widget-heading\" data-id=\"650fc84\" data-element_type=\"widget\" data-widget_type=\"heading.default\">\n\t\t\t\t<div class=\"elementor-widget-container\">\n\t\t\t\t\t<span class=\"elementor-heading-title elementor-size-default\"><b>Daniel Keller<\/b><\/span>\t\t\t\t<\/div>\n\t\t\t\t<\/div>\n\t\t\t\t\t<\/div>\n\t\t<\/div>\n\t\t\t\t\t<\/div>\n\t\t<\/section>\n\t\t\t\t<section class=\"has_eae_slider elementor-section elementor-top-section elementor-element elementor-element-a7decde elementor-section-boxed elementor-section-height-default elementor-section-height-default\" data-id=\"a7decde\" data-element_type=\"section\" data-settings=\"{&quot;background_background&quot;:&quot;classic&quot;}\">\n\t\t\t\t\t\t<div class=\"elementor-container elementor-column-gap-default\">\n\t\t\t\t\t<div class=\"has_eae_slider elementor-column elementor-col-100 elementor-top-column elementor-element elementor-element-65adff8\" data-id=\"65adff8\" data-element_type=\"column\">\n\t\t\t<div class=\"elementor-widget-wrap elementor-element-populated\">\n\t\t\t\t\t\t<div class=\"elementor-element elementor-element-293ed42 elementor-widget elementor-widget-heading\" data-id=\"293ed42\" data-element_type=\"widget\" data-widget_type=\"heading.default\">\n\t\t\t\t<div class=\"elementor-widget-container\">\n\t\t\t\t\t<h3 class=\"elementor-heading-title elementor-size-default\">CARRI\u00c8RE<\/h3>\t\t\t\t<\/div>\n\t\t\t\t<\/div>\n\t\t\t\t<div class=\"elementor-element elementor-element-d173ede elementor-widget elementor-widget-heading\" data-id=\"d173ede\" data-element_type=\"widget\" data-widget_type=\"heading.default\">\n\t\t\t\t<div class=\"elementor-widget-container\">\n\t\t\t\t\t<h2 class=\"elementor-heading-title elementor-size-default\">Notre \u00e9quipe est enti\u00e8rement compos\u00e9e de personnel<\/h2>\t\t\t\t<\/div>\n\t\t\t\t<\/div>\n\t\t\t\t\t<\/div>\n\t\t<\/div>\n\t\t\t\t\t<\/div>\n\t\t<\/section>\n\t\t\t\t<section class=\"has_eae_slider elementor-section elementor-top-section elementor-element elementor-element-d9423dc elementor-section-boxed elementor-section-height-default elementor-section-height-default\" data-id=\"d9423dc\" data-element_type=\"section\">\n\t\t\t\t\t\t<div class=\"elementor-container elementor-column-gap-default\">\n\t\t\t\t\t<div class=\"has_eae_slider elementor-column elementor-col-100 elementor-top-column elementor-element elementor-element-152c593\" data-id=\"152c593\" data-element_type=\"column\">\n\t\t\t<div class=\"elementor-widget-wrap elementor-element-populated\">\n\t\t\t\t\t\t<div class=\"elementor-element elementor-element-4810e97 elementor-widget elementor-widget-image\" data-id=\"4810e97\" data-element_type=\"widget\" data-widget_type=\"image.default\">\n\t\t\t\t<div class=\"elementor-widget-container\">\n\t\t\t\t\t\t\t\t\t\t\t\t\t\t\t<img decoding=\"async\" src=\"https:\/\/stage.sidler-metallwaren.ch\/wp-content\/uploads\/2019\/06\/sidler-office-300x300.jpg\" title=\"sidler-office\" alt=\"Sidler Romanshorn Gesch\u00e4ftsgeb\u00e4ude\" loading=\"lazy\" \/>\t\t\t\t\t\t\t\t\t\t\t\t\t\t\t<\/div>\n\t\t\t\t<\/div>\n\t\t\t\t\t<\/div>\n\t\t<\/div>\n\t\t\t\t\t<\/div>\n\t\t<\/section>\n\t\t\t\t<section class=\"has_eae_slider elementor-section elementor-top-section elementor-element elementor-element-504797cc elementor-section-boxed elementor-section-height-default elementor-section-height-default\" data-id=\"504797cc\" data-element_type=\"section\" data-settings=\"{&quot;background_background&quot;:&quot;classic&quot;}\">\n\t\t\t\t\t\t<div class=\"elementor-container elementor-column-gap-default\">\n\t\t\t\t\t<div class=\"has_eae_slider elementor-column elementor-col-100 elementor-top-column elementor-element elementor-element-62bfcf8d\" data-id=\"62bfcf8d\" data-element_type=\"column\">\n\t\t\t<div class=\"elementor-widget-wrap elementor-element-populated\">\n\t\t\t\t\t\t<div class=\"elementor-element elementor-element-5787e5b elementor-widget elementor-widget-heading\" data-id=\"5787e5b\" data-element_type=\"widget\" data-widget_type=\"heading.default\">\n\t\t\t\t<div class=\"elementor-widget-container\">\n\t\t\t\t\t<h3 class=\"elementor-heading-title elementor-size-default\">NOUS SOMMES HEUREUX DE VOUS AIDER<\/h3>\t\t\t\t<\/div>\n\t\t\t\t<\/div>\n\t\t\t\t<div class=\"elementor-element elementor-element-b750530 elementor-widget elementor-widget-heading\" data-id=\"b750530\" data-element_type=\"widget\" data-widget_type=\"heading.default\">\n\t\t\t\t<div class=\"elementor-widget-container\">\n\t\t\t\t\t<span class=\"elementor-heading-title elementor-size-default\">\u00c9crivez-nous ou appelez-nous. Nous serons heureux de vous conseiller. Utilisez la recherche de revendeurs pour trouver votre sp\u00e9cialiste en armoires de toilette lumineuses pr\u00e8s de chez vous.<\/br>\nPour ne manquer aucune nouvelle de Sidler, il vous suffit de vous abonner \u00e0 notre bulletin d'information.<\/span>\t\t\t\t<\/div>\n\t\t\t\t<\/div>\n\t\t\t\t<section class=\"has_eae_slider elementor-section elementor-inner-section elementor-element elementor-element-65e56f3d elementor-section-boxed elementor-section-height-default elementor-section-height-default\" data-id=\"65e56f3d\" data-element_type=\"section\">\n\t\t\t\t\t\t<div class=\"elementor-container elementor-column-gap-default\">\n\t\t\t\t\t<div class=\"has_eae_slider elementor-column elementor-col-100 elementor-inner-column elementor-element elementor-element-47c2ce95\" data-id=\"47c2ce95\" data-element_type=\"column\">\n\t\t\t<div class=\"elementor-widget-wrap elementor-element-populated\">\n\t\t\t\t\t\t<div class=\"elementor-element elementor-element-30142441 elementor-widget elementor-widget-html\" data-id=\"30142441\" data-element_type=\"widget\" data-widget_type=\"html.default\">\n\t\t\t\t<div class=\"elementor-widget-container\">\n\t\t\t\t\t<div class=\"contact-section\">\n    <a onclick=\"showDiv()\"><img decoding=\"async\" src=\"\/wp-content\/uploads\/2019\/06\/sidler-telephone.png\"\/><\/a>\n    <a href=\"mailto:info@sidler.swiss\"><img decoding=\"async\" src=\"\/wp-content\/uploads\/2019\/06\/sidler-email.png\"\/><\/a>\n    <a href=\"\/fr\/recherche-de-revendeurs\/\"><img decoding=\"async\" src=\"\/wp-content\/uploads\/2019\/06\/sidler-address.png\"\/><\/a>\n    <a class=\"popup-newsletter-link\" onclick=\"showNewsletterDiv()\" ><img decoding=\"async\" src=\"\/wp-content\/uploads\/2020\/03\/newsletter.png\"\/><\/a>\n<\/div>\n<div id=\"telefon\" class=\"overlay\">\n\t<div class=\"popup\">\n\t\t<div class=\"close\" onclick=\"hideDiv()\">&times;<\/div>\n\t\t<div class=\"content\">\n\t\t\tNum\u00e9ro de t\u00e9l\u00e9phone: +41714669010\n\t\t<\/div>\n\t<\/div>\n<\/div>\n<div id=\"popup-newsletter\" class=\"overlay\">\n\t<div class=\"popup-newsletter\">\n\t\t<div class=\"close\" onclick=\"hideNewsletterDiv()\">&times;<\/div>\n\t\t<div class=\"content\">\n\t\t\t\n<div class=\"wpcf7 no-js\" id=\"wpcf7-f3054-o1\" lang=\"en-US\" dir=\"ltr\" data-wpcf7-id=\"3054\">\n<div class=\"screen-reader-response\"><p role=\"status\" aria-live=\"polite\" aria-atomic=\"true\"><\/p> <ul><\/ul><\/div>\n<form action=\"\/fr\/wp-json\/wp\/v2\/pages\/1691#wpcf7-f3054-o1\" method=\"post\" class=\"wpcf7-form init popup-newsletter-form\" aria-label=\"Contact form\" novalidate=\"novalidate\" data-status=\"init\">\n<div style=\"display: none;\">\n<input type=\"hidden\" name=\"_wpcf7\" value=\"3054\" \/>\n<input type=\"hidden\" name=\"_wpcf7_version\" value=\"6.0.5\" \/>\n<input type=\"hidden\" name=\"_wpcf7_locale\" value=\"en_US\" \/>\n<input type=\"hidden\" name=\"_wpcf7_unit_tag\" value=\"wpcf7-f3054-o1\" \/>\n<input type=\"hidden\" name=\"_wpcf7_container_post\" value=\"0\" \/>\n<input type=\"hidden\" name=\"_wpcf7_posted_data_hash\" value=\"\" \/>\n<input type=\"hidden\" name=\"_wpcf7cf_hidden_group_fields\" value=\"[]\" \/>\n<input type=\"hidden\" name=\"_wpcf7cf_hidden_groups\" value=\"[]\" \/>\n<input type=\"hidden\" name=\"_wpcf7cf_visible_groups\" value=\"[]\" \/>\n<input type=\"hidden\" name=\"_wpcf7cf_repeaters\" value=\"[]\" \/>\n<input type=\"hidden\" name=\"_wpcf7cf_steps\" value=\"{}\" \/>\n<input type=\"hidden\" name=\"_wpcf7cf_options\" value=\"{&quot;form_id&quot;:3054,&quot;conditions&quot;:[],&quot;settings&quot;:{&quot;animation&quot;:&quot;yes&quot;,&quot;animation_intime&quot;:200,&quot;animation_outtime&quot;:200,&quot;conditions_ui&quot;:&quot;normal&quot;,&quot;notice_dismissed&quot;:false,&quot;notice_dismissed_rollback-cf7-5.8.3&quot;:true}}\" \/>\n<input type=\"hidden\" name=\"_wpcf7_recaptcha_response\" value=\"\" \/>\n<\/div>\n<div class=\"popup-newsletter-name\">\n\t<p><span>Nom*:<span><br \/>\n<span class=\"wpcf7-form-control-wrap\" data-name=\"client-name\"><input size=\"40\" maxlength=\"400\" class=\"wpcf7-form-control wpcf7-text wpcf7-validates-as-required\" aria-required=\"true\" aria-invalid=\"false\" value=\"\" type=\"text\" name=\"client-name\" \/><\/span><br \/>\n<\/span><\/span>\n\t<\/p>\n<\/div>\n<div class=\"popup-newsletter-email\">\n\t<p><span>Email*:<span><br \/>\n<span class=\"wpcf7-form-control-wrap\" data-name=\"client-email\"><input size=\"40\" maxlength=\"400\" class=\"wpcf7-form-control wpcf7-email wpcf7-validates-as-required wpcf7-text wpcf7-validates-as-email\" aria-required=\"true\" aria-invalid=\"false\" value=\"\" type=\"email\" name=\"client-email\" \/><\/span><br \/>\n<\/span><\/span>\n\t<\/p>\n<\/div>\n<div class=\"popup-newsletter-phone\">\n\t<p><span>T\u00e9l\u00e9phone*:<span><br \/>\n<span class=\"wpcf7-form-control-wrap\" data-name=\"client-telephone\"><input size=\"40\" maxlength=\"400\" class=\"wpcf7-form-control wpcf7-tel wpcf7-validates-as-required wpcf7-text wpcf7-validates-as-tel\" aria-required=\"true\" aria-invalid=\"false\" value=\"\" type=\"tel\" name=\"client-telephone\" \/><\/span><br \/>\n<\/span><\/span>\n\t<\/p>\n<\/div>\n<p><span class=\"wpcf7-form-control-wrap\" data-name=\"datenschutz\"><span class=\"wpcf7-form-control wpcf7-acceptance\"><span class=\"wpcf7-list-item\"><label><input type=\"checkbox\" name=\"datenschutz\" value=\"1\" aria-invalid=\"false\" \/><span class=\"wpcf7-list-item-label\">En vous inscrivant \u00e0 la lettre d'information, vous acceptez que vos donn\u00e9es soient enregistr\u00e9es par Sidler Metallwaren AG \u00e0 cette fin. Les donn\u00e9es ne seront pas transmises \u00e0 d'autres personnes. Un retrait ult\u00e9rieur de votre consentement est possible \u00e0 tout moment. Vous trouverez de plus amples informations et notes sous \u2013 <a href=\"\/fr\/politique-de-confidentialite\/\">Protection des donn\u00e9es<\/a><\/span><\/label><\/span><\/span><\/span><br \/>\n<input class=\"wpcf7-form-control wpcf7-submit has-spinner\" type=\"submit\" value=\"Envoyer\" \/>\n<\/p><input type='hidden' class='wpcf7-pum' value='{\"closepopup\":false,\"closedelay\":0,\"openpopup\":false,\"openpopup_id\":0}' \/><div class=\"wpcf7-response-output\" aria-hidden=\"true\"><\/div>\n<\/form>\n<\/div>\n\n\t\t<\/div>\n\t<\/div>\n<\/div>\n<script>\nfunction showDiv() {\n   document.getElementById('telefon').classList.add(\"showphone\");\n}\nfunction hideDiv() {\n   document.getElementById('telefon').classList.remove(\"showphone\");\n}\nfunction showNewsletterDiv() {\n   document.getElementById('popup-newsletter').classList.add(\"showphone\");\n}\nfunction hideNewsletterDiv() {\n   document.getElementById('popup-newsletter').classList.remove(\"showphone\");\n}\n<\/script>\t\t\t\t<\/div>\n\t\t\t\t<\/div>\n\t\t\t\t\t<\/div>\n\t\t<\/div>\n\t\t\t\t\t<\/div>\n\t\t<\/section>\n\t\t\t\t\t<\/div>\n\t\t<\/div>\n\t\t\t\t\t<\/div>\n\t\t<\/section>\n\t\t\t\t<\/div>\n\t\t","protected":false},"excerpt":{"rendered":"<p>Les deux successeurs \u00e0 la t\u00eate de l\u2018entreprise familiale s\u2018engagent \u00e0 fa\u00e7onner l\u2018avenir avec succ\u00e8s. Vous pouvez compter sur une \u00e9quipe motiv\u00e9e et engag\u00e9e compos\u00e9e de nombreux collaborateurs comp\u00e9tents et de longue date. La soci\u00e9t\u00e9 SIDLER a \u00e9t\u00e9 fond\u00e9e en 1964 pour la production de luminaires produits semi-finis. Quatre ans plus tard, c\u2018est le coup [&hellip;]<\/p>\n","protected":false},"author":9,"featured_media":0,"parent":0,"menu_order":0,"comment_status":"closed","ping_status":"closed","template":"elementor_header_footer","meta":{"footnotes":""},"class_list":["post-1691","page","type-page","status-publish","hentry","entry"],"_links":{"self":[{"href":"https:\/\/stage.sidler-metallwaren.ch\/fr\/wp-json\/wp\/v2\/pages\/1691","targetHints":{"allow":["GET"]}}],"collection":[{"href":"https:\/\/stage.sidler-metallwaren.ch\/fr\/wp-json\/wp\/v2\/pages"}],"about":[{"href":"https:\/\/stage.sidler-metallwaren.ch\/fr\/wp-json\/wp\/v2\/types\/page"}],"author":[{"embeddable":true,"href":"https:\/\/stage.sidler-metallwaren.ch\/fr\/wp-json\/wp\/v2\/users\/9"}],"replies":[{"embeddable":true,"href":"https:\/\/stage.sidler-metallwaren.ch\/fr\/wp-json\/wp\/v2\/comments?post=1691"}],"version-history":[{"count":0,"href":"https:\/\/stage.sidler-metallwaren.ch\/fr\/wp-json\/wp\/v2\/pages\/1691\/revisions"}],"wp:attachment":[{"href":"https:\/\/stage.sidler-metallwaren.ch\/fr\/wp-json\/wp\/v2\/media?parent=1691"}],"curies":[{"name":"wp","href":"https:\/\/api.w.org\/{rel}","templated":true}]}}